{"id":10257,"date":"2021-02-25T22:17:25","date_gmt":"2021-02-25T21:17:25","guid":{"rendered":"https:\/\/stuebi-hamburg.de\/stadtteilschule\/?page_id=10257"},"modified":"2021-02-25T22:17:25","modified_gmt":"2021-02-25T21:17:25","slug":"schwerpunkte","status":"publish","type":"page","link":"https:\/\/stuebi-hamburg.de\/stadtteilschule\/schwerpunkte\/","title":{"rendered":"Schwerpunkte"},"content":{"rendered":"\n<div class=\"wp-block-spacer\" style=\"height: 20px\" aria-hidden=\"true\">\u00a0<\/div>\n<div class=\"wp-block-media-text alignwide has-very-light-gray-background-color is-stacked-on-mobile is-vertically-aligned-center is-image-fill\" style=\"grid-template-columns: 40% auto\" data-wp-editing=\"1\">\n<figure class=\"wp-block-media-text__media\" style=\"background-image: url('https:\/\/stuebi-hamburg.de\/stadtteilschule\/wp-content\/blogs.dir\/2\/files\/2021\/02\/Vorschule-1620x1080.jpg');background-position: 50% 50%\"><img loading=\"lazy\" class=\"alignnone wp-image-10237 size-large\" src=\"https:\/\/stuebi-hamburg.de\/stadtteilschule\/wp-content\/blogs.dir\/2\/files\/2021\/02\/Vorschule-1620x1080.jpg\" alt=\"\" width=\"640\" height=\"427\" srcset=\"https:\/\/stuebi-hamburg.de\/stadtteilschule\/wp-content\/blogs.dir\/2\/files\/2021\/02\/Vorschule-1620x1080.jpg 1620w, https:\/\/stuebi-hamburg.de\/stadtteilschule\/wp-content\/blogs.dir\/2\/files\/2021\/02\/Vorschule-658x440.jpg 658w, https:\/\/stuebi-hamburg.de\/stadtteilschule\/wp-content\/blogs.dir\/2\/files\/2021\/02\/Vorschule-1536x1024.jpg 1536w, https:\/\/stuebi-hamburg.de\/stadtteilschule\/wp-content\/blogs.dir\/2\/files\/2021\/02\/Vorschule-2048x1365.jpg 2048w\" sizes=\"(max-width: 640px) 100vw, 640px\" \/><\/figure>\n<div class=\"wp-block-media-text__content\">\n<p>\u00a0<\/p>\n<p class=\"has-text-color has-normal-font-size\" style=\"color: #0c6292\"><strong>Das ist uns wichtig:<\/strong><\/p>\n<ul>\n<li>Eine gute und starke Gemeinschaft<\/li>\n<li>Fr\u00fchzeitige Informationen f\u00fcr einen sicheren Start<\/li>\n<li>Feste Bezugspersonen f\u00fcr ihre Kinder<\/li>\n<li>Arbeit an Vorl\u00e4uferf\u00e4higkeiten f\u00fcr den erfolgreichen Start in die Schule<\/li>\n<li>Regeln und Rituale<\/li>\n<li>Enge Zusammenarbeit mit Eltern f\u00fcr starke Kinder<\/li>\n<\/ul>\n<\/div>\n<\/div>\n<div class=\"wp-block-spacer\" style=\"height: 20px\" aria-hidden=\"true\">\u00a0<\/div>\n<div class=\"wp-block-media-text alignwide is-stacked-on-mobile is-vertically-aligned-center is-image-fill\" style=\"background-color: #edf6fd;grid-template-columns: 40% auto\">\n<figure class=\"wp-block-media-text__media\" style=\"background-image: url('https:\/\/stuebi-hamburg.de\/stadtteilschule\/wp-content\/blogs.dir\/2\/files\/2020\/12\/Vorsch\u00fcler-mit-M\u00e4usen-Kopie-1620x1080.jpg');background-position: 50% 50%\"><img loading=\"lazy\" class=\"wp-image-9311\" src=\"https:\/\/stuebi-hamburg.de\/stadtteilschule\/wp-content\/blogs.dir\/2\/files\/2020\/12\/Vorsch\u00fcler-mit-M\u00e4usen-Kopie-1620x1080.jpg\" alt=\"\" width=\"1620\" height=\"1080\" srcset=\"https:\/\/stuebi-hamburg.de\/stadtteilschule\/wp-content\/blogs.dir\/2\/files\/2020\/12\/Vorsch\u00fcler-mit-M\u00e4usen-Kopie-1620x1080.jpg 1620w, https:\/\/stuebi-hamburg.de\/stadtteilschule\/wp-content\/blogs.dir\/2\/files\/2020\/12\/Vorsch\u00fcler-mit-M\u00e4usen-Kopie-658x440.jpg 658w\" sizes=\"(max-width: 1620px) 100vw, 1620px\" \/><\/figure>\n<div class=\"wp-block-media-text__content\">\n<p>\u00a0<\/p>\n<p class=\"has-text-color has-normal-font-size\" style=\"color: #0c6292\"><strong>Das machen wir:<\/strong><\/p>\n<ul>\n<li>Kostenloses Fr\u00fchst\u00fcck mit der ganzen Klasse<\/li>\n<li>Mittagessen und ganzt\u00e4gige Betreuung mit Spiel und Spa\u00df<\/li>\n<li>W\u00f6chentliche Besuche auf dem Kinderbauernhof<\/li>\n<li>Fr\u00fche mathematische Bildung<\/li>\n<li>Sprachf\u00f6rderung nach Konzept<\/li>\n<li>Forschendes Lernen mit dem Haus der kleinen Forscher<\/li>\n<\/ul>\n<\/div>\n<\/div>\n<p>\u00a0<\/p>\n<p align=\"justify\">Neben den vielen spielerischen und kreativen Phasen in der Vorschularbeit auf der einen Seite und der Entwicklungsf\u00f6rderung unserer J\u00fcngsten auf der anderen Seite, richtet sich der Unterricht an drei fachlichen Schwerpunkten aus.<\/p>\n<h1>Forschen und Staunen<\/h1>\n<p align=\"justify\">Schon unsere Vorsch\u00fclerinnen und Vorsch\u00fcler erforschen die Welt der Zahlen und die Natur. Hierf\u00fcr stehen ihnen unsere Mathematikwerkstatt und als au\u00dferschulischer Lernort der <a href=\"https:\/\/kibaho.com\/\" target=\"_blank\" rel=\"noopener\">Kinderbauernhof Kirchdorf<\/a> zur Verf\u00fcgung. Beide Orte werden w\u00f6chentlich besucht. Dar\u00fcber hinaus experimentieren die Kinder im Haus der kleinen Forscher.<\/p>\n<h1 align=\"justify\">Sport und Bewegung<\/h1>\n<p align=\"justify\">Das ganzt\u00e4gige Lernen in der Vorschule wird durch viele Bewegungsphasen unterst\u00fctzt. Dazu geh\u00f6ren neben den regul\u00e4ren Hofpausen, Bewegungsspiele im Klassenraum und Spazierg\u00e4nge in der nahen Schulumgebung. Auch auf dem Vorschulstundenplan steht Sportunterricht mit Sportlehrern.\u00a0<\/p>\n<h1 align=\"justify\">Sprachf\u00f6rderung<\/h1>\n<p align=\"justify\">Die F\u00f6rderung von Sprachkompetenzen ist f\u00fcr alle Vorsch\u00fclerinnen und Vorsch\u00fcler ein zentraler Lernbestandteil, unabh\u00e4ngig ihrer Muttersprache. So gibt es t\u00e4gliche Vorlesezeiten und Besuche in unserer Kinderbibliothek. Die Kinder lernen erste Buchstaben kennen. Kinder mit festgestelltem Sprachf\u00f6rderbedarf werden nach dem <strong>MITsprache<\/strong> Konzept der <a href=\"https:\/\/www.stiftung-fairchance.org\/\" target=\"_blank\" rel=\"noopener\">Stiftung Fairchance<\/a> gef\u00f6rdert.<\/p>\n","protected":false},"excerpt":{"rendered":"<p>\u00a0 \u00a0 Das ist uns wichtig: Eine gute und starke Gemeinschaft Fr\u00fchzeitige Informationen f\u00fcr einen sicheren Start Feste Bezugspersonen f\u00fcr ihre Kinder Arbeit an Vorl\u00e4uferf\u00e4higkeiten f\u00fcr den erfolgreichen Start in die Schule Regeln und Rituale Enge Zusammenarbeit mit Eltern f\u00fcr &hellip; <a href=\"https:\/\/stuebi-hamburg.de\/stadtteilschule\/schwerpunkte\/\">Weiterlesen <span class=\"meta-nav\">&rarr;<\/span><\/a><\/p>\n","protected":false},"author":25,"featured_media":0,"parent":0,"menu_order":0,"comment_status":"closed","ping_status":"closed","template":"","meta":[],"_links":{"self":[{"href":"https:\/\/stuebi-hamburg.de\/stadtteilschule\/wp-json\/wp\/v2\/pages\/10257"}],"collection":[{"href":"https:\/\/stuebi-hamburg.de\/stadtteilschule\/wp-json\/wp\/v2\/pages"}],"about":[{"href":"https:\/\/stuebi-hamburg.de\/stadtteilschule\/wp-json\/wp\/v2\/types\/page"}],"author":[{"embeddable":true,"href":"https:\/\/stuebi-hamburg.de\/stadtteilschule\/wp-json\/wp\/v2\/users\/25"}],"replies":[{"embeddable":true,"href":"https:\/\/stuebi-hamburg.de\/stadtteilschule\/wp-json\/wp\/v2\/comments?post=10257"}],"version-history":[{"count":6,"href":"https:\/\/stuebi-hamburg.de\/stadtteilschule\/wp-json\/wp\/v2\/pages\/10257\/revisions"}],"predecessor-version":[{"id":11510,"href":"https:\/\/stuebi-hamburg.de\/stadtteilschule\/wp-json\/wp\/v2\/pages\/10257\/revisions\/11510"}],"wp:attachment":[{"href":"https:\/\/stuebi-hamburg.de\/stadtteilschule\/wp-json\/wp\/v2\/media?parent=10257"}],"curies":[{"name":"wp","href":"https:\/\/api.w.org\/{rel}","templated":true}]}}