{"id":10299,"date":"2021-03-16T11:12:39","date_gmt":"2021-03-16T10:12:39","guid":{"rendered":"https:\/\/stuebi-hamburg.de\/stadtteilschule\/?page_id=10299"},"modified":"2021-05-12T11:02:55","modified_gmt":"2021-05-12T09:02:55","slug":"elterncafe","status":"publish","type":"page","link":"https:\/\/stuebi-hamburg.de\/stadtteilschule\/elterncafe\/","title":{"rendered":"Elterncaf\u00e9"},"content":{"rendered":"\n<div style=\"height:20px\" aria-hidden=\"true\" class=\"wp-block-spacer\"><\/div>\n\n\n\n<h2>Unser Elterncaf\u00e9 am St\u00fcbi<\/h2>\n\n\n\n<div style=\"height:20px\" aria-hidden=\"true\" class=\"wp-block-spacer\"><\/div>\n\n\n\n<div class=\"wp-block-media-text alignwide is-stacked-on-mobile is-image-fill has-background\" style=\"background-color:#f5f5f5;grid-template-columns:43% auto\"><figure class=\"wp-block-media-text__media\" style=\"background-image:url(https:\/\/stuebi-hamburg.de\/stadtteilschule\/wp-content\/blogs.dir\/2\/files\/2021\/05\/IMG_8851-1440x1080.jpg);background-position:50% 50%\"><img loading=\"lazy\" width=\"1440\" height=\"1080\" src=\"https:\/\/stuebi-hamburg.de\/stadtteilschule\/wp-content\/blogs.dir\/2\/files\/2021\/05\/IMG_8851-1440x1080.jpg\" alt=\"\" class=\"wp-image-10763 size-full\" srcset=\"https:\/\/stuebi-hamburg.de\/stadtteilschule\/wp-content\/blogs.dir\/2\/files\/2021\/05\/IMG_8851-1440x1080.jpg 1440w, https:\/\/stuebi-hamburg.de\/stadtteilschule\/wp-content\/blogs.dir\/2\/files\/2021\/05\/IMG_8851-587x440.jpg 587w, https:\/\/stuebi-hamburg.de\/stadtteilschule\/wp-content\/blogs.dir\/2\/files\/2021\/05\/IMG_8851-1536x1152.jpg 1536w, https:\/\/stuebi-hamburg.de\/stadtteilschule\/wp-content\/blogs.dir\/2\/files\/2021\/05\/IMG_8851-2048x1536.jpg 2048w\" sizes=\"(max-width: 1440px) 100vw, 1440px\" \/><\/figure><div class=\"wp-block-media-text__content\">\n<div style=\"height:20px\" aria-hidden=\"true\" class=\"wp-block-spacer\"><\/div>\n\n\n\n<h1 class=\"has-text-color has-huge-font-size\" style=\"color:#0071a1\"><strong>Freitags*<\/strong><\/h1>\n\n\n\n<h3 class=\"has-text-color\" style=\"color:#0071a1\"><strong>von 8:00 \u2013 10:30 Uhr &amp; 11:30 \u2013 13:30 Uhr<\/strong><\/h3>\n\n\n\n<div style=\"height:20px\" aria-hidden=\"true\" class=\"wp-block-spacer\"><\/div>\n\n\n\n<p>*In den Schulferien ist das Elterncaf\u00e9 St\u00fcbi ge-schlossen. Aufgrund von COVID-19 kann das Elterncaf\u00e9 St\u00fcbi nur \u00fcber eine telefonische Voranmeldung besucht werden. Die Anmeldung verl\u00e4uft \u00fcber die <a href=\"https:\/\/stuebi-hamburg.de\/stadtteilschule\/elternmentoren\/\" data-type=\"page\" data-id=\"10297\">Elternmentoren<\/a>. <\/p>\n\n\n\n<div style=\"height:20px\" aria-hidden=\"true\" class=\"wp-block-spacer\"><\/div>\n<\/div><\/div>\n\n\n\n<div style=\"height:20px\" aria-hidden=\"true\" class=\"wp-block-spacer\"><\/div>\n\n\n\n<p>Derzeit sind wir im gelb-wei\u00dfen Geb\u00e4ude im Mittelhof der Schule<\/p>\n\n\n\n<div style=\"height:20px\" aria-hidden=\"true\" class=\"wp-block-spacer\"><\/div>\n\n\n\n<p>Das machen wir:<\/p>\n\n\n\n<ul><li>Infos \u00fcber die Schule und die Angebote im Stadtteil<\/li><li>Unterst\u00fctzung bei beh\u00f6rdlichen Anliegen<\/li><li>Beratung und Austausch<\/li><li>Hilfe in den Sprachen Arabisch, Polnisch und T\u00fcrkisch<\/li><li>Hilfe beim Ausf\u00fcllen von Formularen<\/li><li>Raum zum Spielen f\u00fcr Ihre kleinen Kinder<\/li><li>Leckerer Kaffee, Beisammensein und Wohlbefinden<\/li><li>Gemeinsame Planung und Durchf\u00fchrung von Ausfl\u00fcgen, Filmabenden und Festen<\/li><li>Regelm\u00e4\u00dfige Informationsveranstaltungen zu erzieherischen Themen<\/li><li>Das Angebot und die Teilnahme ist kostenlos<\/li><\/ul>\n\n\n\n<div style=\"height:20px\" aria-hidden=\"true\" class=\"wp-block-spacer\"><\/div>\n\n\n\n<hr class=\"wp-block-separator\" \/>\n\n\n\n<figure class=\"wp-block-image size-large is-style-default\"><img loading=\"lazy\" width=\"1920\" height=\"178\" src=\"https:\/\/stuebi-hamburg.de\/stadtteilschule\/wp-content\/blogs.dir\/2\/files\/2021\/05\/Bildschirmfoto-2021-05-12-um-09.45.51-1920x178.png\" alt=\"\" class=\"wp-image-10784\" srcset=\"https:\/\/stuebi-hamburg.de\/stadtteilschule\/wp-content\/blogs.dir\/2\/files\/2021\/05\/Bildschirmfoto-2021-05-12-um-09.45.51-1920x178.png 1920w, https:\/\/stuebi-hamburg.de\/stadtteilschule\/wp-content\/blogs.dir\/2\/files\/2021\/05\/Bildschirmfoto-2021-05-12-um-09.45.51-658x61.png 658w, https:\/\/stuebi-hamburg.de\/stadtteilschule\/wp-content\/blogs.dir\/2\/files\/2021\/05\/Bildschirmfoto-2021-05-12-um-09.45.51-1536x142.png 1536w, https:\/\/stuebi-hamburg.de\/stadtteilschule\/wp-content\/blogs.dir\/2\/files\/2021\/05\/Bildschirmfoto-2021-05-12-um-09.45.51-2048x190.png 2048w\" sizes=\"(max-width: 1920px) 100vw, 1920px\" \/><\/figure>\n\n\n\n<hr class=\"wp-block-separator\" \/>\n\n\n\n<div style=\"height:20px\" aria-hidden=\"true\" class=\"wp-block-spacer\"><\/div>\n\n\n\n<div class=\"wp-block-group\"><div class=\"wp-block-group__inner-container\">\n<p>Gef\u00f6rdert durch:<\/p>\n\n\n\n<div class=\"wp-block-columns\">\n<div class=\"wp-block-column\" style=\"flex-basis:33.33%\">\n<div style=\"height:10px\" aria-hidden=\"true\" class=\"wp-block-spacer\"><\/div>\n\n\n\n<figure class=\"wp-block-image size-large is-style-default\"><img loading=\"lazy\" width=\"525\" height=\"106\" src=\"https:\/\/stuebi-hamburg.de\/stadtteilschule\/wp-content\/blogs.dir\/2\/files\/2021\/05\/foerderlogos-mobil_800.jpg\" alt=\"\" class=\"wp-image-10786\" \/><\/figure>\n<\/div>\n\n\n\n<div class=\"wp-block-column\" style=\"flex-basis:66.66%\">\n<figure class=\"wp-block-image size-large is-resized is-style-default\"><img loading=\"lazy\" src=\"https:\/\/stuebi-hamburg.de\/stadtteilschule\/wp-content\/blogs.dir\/2\/files\/2021\/05\/Bildschirmfoto-2021-05-12-um-10.51.11-1.png\" alt=\"\" class=\"wp-image-10847\" width=\"83\" height=\"52\" \/><\/figure>\n<\/div>\n<\/div>\n<\/div><\/div>\n\n\n\n<div style=\"height:20px\" aria-hidden=\"true\" class=\"wp-block-spacer\"><\/div>\n","protected":false},"excerpt":{"rendered":"<p>Unser Elterncaf\u00e9 am St\u00fcbi Derzeit sind wir im gelb-wei\u00dfen Geb\u00e4ude im Mittelhof der Schule Das machen wir: Infos \u00fcber die Schule und die Angebote im Stadtteil Unterst\u00fctzung bei beh\u00f6rdlichen Anliegen Beratung und Austausch Hilfe in den Sprachen Arabisch, Polnisch und &hellip; <a href=\"https:\/\/stuebi-hamburg.de\/stadtteilschule\/elterncafe\/\">Weiterlesen <span class=\"meta-nav\">&rarr;<\/span><\/a><\/p>\n","protected":false},"author":26,"featured_media":0,"parent":0,"menu_order":0,"comment_status":"closed","ping_status":"closed","template":"","meta":[],"_links":{"self":[{"href":"https:\/\/stuebi-hamburg.de\/stadtteilschule\/wp-json\/wp\/v2\/pages\/10299"}],"collection":[{"href":"https:\/\/stuebi-hamburg.de\/stadtteilschule\/wp-json\/wp\/v2\/pages"}],"about":[{"href":"https:\/\/stuebi-hamburg.de\/stadtteilschule\/wp-json\/wp\/v2\/types\/page"}],"author":[{"embeddable":true,"href":"https:\/\/stuebi-hamburg.de\/stadtteilschule\/wp-json\/wp\/v2\/users\/26"}],"replies":[{"embeddable":true,"href":"https:\/\/stuebi-hamburg.de\/stadtteilschule\/wp-json\/wp\/v2\/comments?post=10299"}],"version-history":[{"count":28,"href":"https:\/\/stuebi-hamburg.de\/stadtteilschule\/wp-json\/wp\/v2\/pages\/10299\/revisions"}],"predecessor-version":[{"id":10859,"href":"https:\/\/stuebi-hamburg.de\/stadtteilschule\/wp-json\/wp\/v2\/pages\/10299\/revisions\/10859"}],"wp:attachment":[{"href":"https:\/\/stuebi-hamburg.de\/stadtteilschule\/wp-json\/wp\/v2\/media?parent=10299"}],"curies":[{"name":"wp","href":"https:\/\/api.w.org\/{rel}","templated":true}]}}