{"id":154,"date":"2011-01-05T16:43:35","date_gmt":"2011-01-05T16:43:35","guid":{"rendered":"https:\/\/stuebi-hamburg.de\/stadtteilschule\/"},"modified":"2026-03-18T12:06:32","modified_gmt":"2026-03-18T11:06:32","slug":"holzwurm","status":"publish","type":"page","link":"https:\/\/stuebi-hamburg.de\/stadtteilschule\/lernen\/schuelerfirmen\/holzwurm\/","title":{"rendered":"Holzwerkstatt"},"content":{"rendered":"\n<div class=\"wp-block-columns\">\n<div class=\"wp-block-column\">\n<div class=\"wp-block-columns\">\n<div class=\"wp-block-column\" style=\"flex-basis:100%\">\n<figure class=\"wp-block-image size-large\"><img loading=\"lazy\" width=\"1620\" height=\"1080\" src=\"https:\/\/stuebi-hamburg.de\/stadtteilschule\/wp-content\/blogs.dir\/2\/files\/2026\/03\/4M5A1949-1620x1080.jpg\" alt=\"\" class=\"wp-image-15873\" srcset=\"https:\/\/stuebi-hamburg.de\/stadtteilschule\/wp-content\/blogs.dir\/2\/files\/2026\/03\/4M5A1949-1620x1080.jpg 1620w, https:\/\/stuebi-hamburg.de\/stadtteilschule\/wp-content\/blogs.dir\/2\/files\/2026\/03\/4M5A1949-658x440.jpg 658w, https:\/\/stuebi-hamburg.de\/stadtteilschule\/wp-content\/blogs.dir\/2\/files\/2026\/03\/4M5A1949-1536x1024.jpg 1536w, https:\/\/stuebi-hamburg.de\/stadtteilschule\/wp-content\/blogs.dir\/2\/files\/2026\/03\/4M5A1949-2048x1365.jpg 2048w\" sizes=\"(max-width: 1620px) 100vw, 1620px\" \/><\/figure>\n\n\n\n<div style=\"height:118px\" aria-hidden=\"true\" class=\"wp-block-spacer\"><\/div>\n\n\n\n<div class=\"wp-block-columns\">\n<div class=\"wp-block-column\">\n<figure class=\"wp-block-image size-large\"><img loading=\"lazy\" width=\"1620\" height=\"1080\" src=\"https:\/\/stuebi-hamburg.de\/stadtteilschule\/wp-content\/blogs.dir\/2\/files\/2026\/03\/4M5A19531-1620x1080.jpg\" alt=\"\" class=\"wp-image-15872\" srcset=\"https:\/\/stuebi-hamburg.de\/stadtteilschule\/wp-content\/blogs.dir\/2\/files\/2026\/03\/4M5A19531-1620x1080.jpg 1620w, https:\/\/stuebi-hamburg.de\/stadtteilschule\/wp-content\/blogs.dir\/2\/files\/2026\/03\/4M5A19531-658x440.jpg 658w, https:\/\/stuebi-hamburg.de\/stadtteilschule\/wp-content\/blogs.dir\/2\/files\/2026\/03\/4M5A19531-1536x1024.jpg 1536w, https:\/\/stuebi-hamburg.de\/stadtteilschule\/wp-content\/blogs.dir\/2\/files\/2026\/03\/4M5A19531-2048x1365.jpg 2048w\" sizes=\"(max-width: 1620px) 100vw, 1620px\" \/><\/figure>\n<\/div>\n\n\n\n<div class=\"wp-block-column\">\n<figure class=\"wp-block-image size-large\"><img loading=\"lazy\" width=\"1620\" height=\"1080\" src=\"https:\/\/stuebi-hamburg.de\/stadtteilschule\/wp-content\/blogs.dir\/2\/files\/2026\/03\/4M5A1942-1620x1080.jpg\" alt=\"\" class=\"wp-image-15876\" srcset=\"https:\/\/stuebi-hamburg.de\/stadtteilschule\/wp-content\/blogs.dir\/2\/files\/2026\/03\/4M5A1942-1620x1080.jpg 1620w, https:\/\/stuebi-hamburg.de\/stadtteilschule\/wp-content\/blogs.dir\/2\/files\/2026\/03\/4M5A1942-658x440.jpg 658w, https:\/\/stuebi-hamburg.de\/stadtteilschule\/wp-content\/blogs.dir\/2\/files\/2026\/03\/4M5A1942-1536x1024.jpg 1536w, https:\/\/stuebi-hamburg.de\/stadtteilschule\/wp-content\/blogs.dir\/2\/files\/2026\/03\/4M5A1942-2048x1365.jpg 2048w\" sizes=\"(max-width: 1620px) 100vw, 1620px\" \/><\/figure>\n\n\n<\/div>\n<\/div>\n\n\n\n<div class=\"wp-block-columns\">\n<div class=\"wp-block-column\">\n<figure class=\"wp-block-image size-large is-resized\"><img loading=\"lazy\" src=\"https:\/\/stuebi-hamburg.de\/stadtteilschule\/wp-content\/blogs.dir\/2\/files\/2026\/03\/4M5A1963-1620x1080.jpg\" alt=\"\" class=\"wp-image-15869\" width=\"189\" height=\"126\" srcset=\"https:\/\/stuebi-hamburg.de\/stadtteilschule\/wp-content\/blogs.dir\/2\/files\/2026\/03\/4M5A1963-1620x1080.jpg 1620w, https:\/\/stuebi-hamburg.de\/stadtteilschule\/wp-content\/blogs.dir\/2\/files\/2026\/03\/4M5A1963-658x440.jpg 658w, https:\/\/stuebi-hamburg.de\/stadtteilschule\/wp-content\/blogs.dir\/2\/files\/2026\/03\/4M5A1963-1536x1024.jpg 1536w, https:\/\/stuebi-hamburg.de\/stadtteilschule\/wp-content\/blogs.dir\/2\/files\/2026\/03\/4M5A1963-2048x1365.jpg 2048w\" sizes=\"(max-width: 189px) 100vw, 189px\" \/><\/figure>\n<\/div>\n\n\n\n<div class=\"wp-block-column\">\n<figure class=\"wp-block-image size-large is-resized\"><img loading=\"lazy\" src=\"https:\/\/stuebi-hamburg.de\/stadtteilschule\/wp-content\/blogs.dir\/2\/files\/2026\/03\/4M5A1974-1620x1080.jpg\" alt=\"\" class=\"wp-image-15868\" width=\"190\" height=\"126\" srcset=\"https:\/\/stuebi-hamburg.de\/stadtteilschule\/wp-content\/blogs.dir\/2\/files\/2026\/03\/4M5A1974-1620x1080.jpg 1620w, https:\/\/stuebi-hamburg.de\/stadtteilschule\/wp-content\/blogs.dir\/2\/files\/2026\/03\/4M5A1974-658x440.jpg 658w, https:\/\/stuebi-hamburg.de\/stadtteilschule\/wp-content\/blogs.dir\/2\/files\/2026\/03\/4M5A1974-1536x1024.jpg 1536w, https:\/\/stuebi-hamburg.de\/stadtteilschule\/wp-content\/blogs.dir\/2\/files\/2026\/03\/4M5A1974-2048x1365.jpg 2048w\" sizes=\"(max-width: 190px) 100vw, 190px\" \/><\/figure>\n<\/div>\n\n\n\n<div class=\"wp-block-column\">\n<figure class=\"wp-block-image size-large is-resized\"><img loading=\"lazy\" src=\"https:\/\/stuebi-hamburg.de\/stadtteilschule\/wp-content\/blogs.dir\/2\/files\/2026\/03\/4M5A1934-1620x1080.jpg\" alt=\"\" class=\"wp-image-15877\" width=\"189\" height=\"125\" srcset=\"https:\/\/stuebi-hamburg.de\/stadtteilschule\/wp-content\/blogs.dir\/2\/files\/2026\/03\/4M5A1934-1620x1080.jpg 1620w, https:\/\/stuebi-hamburg.de\/stadtteilschule\/wp-content\/blogs.dir\/2\/files\/2026\/03\/4M5A1934-658x440.jpg 658w, https:\/\/stuebi-hamburg.de\/stadtteilschule\/wp-content\/blogs.dir\/2\/files\/2026\/03\/4M5A1934-1536x1024.jpg 1536w, https:\/\/stuebi-hamburg.de\/stadtteilschule\/wp-content\/blogs.dir\/2\/files\/2026\/03\/4M5A1934-2048x1365.jpg 2048w\" sizes=\"(max-width: 189px) 100vw, 189px\" \/><\/figure>\n<\/div>\n<\/div>\n\n\n\n<p data-pm-slice=\"1 1 []\">In der neuen Makerspace Holzwerkstatt lernen wir nicht nur den Umgang mit verschiedenen Werkzeugen wie S\u00e4gen, H\u00e4mmern und Schleifmaschinen, sondern auch wichtige handwerkliche F\u00e4higkeiten. In der Werkstatt k\u00f6nnen wir eigene Projekte umsetzen, zum Beispiel kleine M\u00f6belst\u00fccke, Spielzeuge oder Dekorationen aus Holz herstellen. Besonders wichtig ist dabei das genaue Arbeiten. Wir m\u00fcssen messen, planen und sorgf\u00e4ltig schneiden, damit am Ende ein gutes Ergebnis entsteht. Gleichzeitig wird auch unsere Kreativit\u00e4t gef\u00f6rdert, da wir unser eigenes Design entwickeln k\u00f6nnen.<\/p>\n\n\n\n<div class=\"wp-block-columns\">\n<div class=\"wp-block-column\">\n<figure class=\"wp-block-image size-large\"><img loading=\"lazy\" width=\"1620\" height=\"1080\" src=\"https:\/\/stuebi-hamburg.de\/stadtteilschule\/wp-content\/blogs.dir\/2\/files\/2026\/03\/4M5A1981-1620x1080.jpg\" alt=\"\" class=\"wp-image-15867\" srcset=\"https:\/\/stuebi-hamburg.de\/stadtteilschule\/wp-content\/blogs.dir\/2\/files\/2026\/03\/4M5A1981-1620x1080.jpg 1620w, https:\/\/stuebi-hamburg.de\/stadtteilschule\/wp-content\/blogs.dir\/2\/files\/2026\/03\/4M5A1981-658x440.jpg 658w, https:\/\/stuebi-hamburg.de\/stadtteilschule\/wp-content\/blogs.dir\/2\/files\/2026\/03\/4M5A1981-1536x1024.jpg 1536w, https:\/\/stuebi-hamburg.de\/stadtteilschule\/wp-content\/blogs.dir\/2\/files\/2026\/03\/4M5A1981-2048x1365.jpg 2048w\" sizes=\"(max-width: 1620px) 100vw, 1620px\" \/><\/figure>\n\n\n\n<p data-pm-slice=\"1 1 []\">Teamarbeit spielt ebenfalls eine gro\u00dfe Rolle, denn oft helfen wir uns gegenseitig oder arbeiten gemeinsam an gr\u00f6\u00dferen Projekten.<\/p>\n<p>Neben den praktischen F\u00e4higkeiten lernen wir auch Verantwortung zu \u00fcbernehmen.<\/p>\n<\/div>\n\n\n\n<div class=\"wp-block-column\">\n<figure class=\"wp-block-image size-large\"><img loading=\"lazy\" width=\"720\" height=\"1080\" src=\"https:\/\/stuebi-hamburg.de\/stadtteilschule\/wp-content\/blogs.dir\/2\/files\/2026\/03\/4M5A1959-720x1080.jpg\" alt=\"\" class=\"wp-image-15870\" srcset=\"https:\/\/stuebi-hamburg.de\/stadtteilschule\/wp-content\/blogs.dir\/2\/files\/2026\/03\/4M5A1959-720x1080.jpg 720w, https:\/\/stuebi-hamburg.de\/stadtteilschule\/wp-content\/blogs.dir\/2\/files\/2026\/03\/4M5A1959-293x440.jpg 293w, https:\/\/stuebi-hamburg.de\/stadtteilschule\/wp-content\/blogs.dir\/2\/files\/2026\/03\/4M5A1959-1024x1536.jpg 1024w, https:\/\/stuebi-hamburg.de\/stadtteilschule\/wp-content\/blogs.dir\/2\/files\/2026\/03\/4M5A1959-1365x2048.jpg 1365w, https:\/\/stuebi-hamburg.de\/stadtteilschule\/wp-content\/blogs.dir\/2\/files\/2026\/03\/4M5A1959-scaled.jpg 1707w\" sizes=\"(max-width: 720px) 100vw, 720px\" \/><\/figure>\n<\/div>\n<\/div>\n\n\n\n<figure class=\"wp-block-image size-large\"><img loading=\"lazy\" width=\"1620\" height=\"1080\" src=\"https:\/\/stuebi-hamburg.de\/stadtteilschule\/wp-content\/blogs.dir\/2\/files\/2026\/03\/4M5A1947-1620x1080.jpg\" alt=\"\" class=\"wp-image-15874\" srcset=\"https:\/\/stuebi-hamburg.de\/stadtteilschule\/wp-content\/blogs.dir\/2\/files\/2026\/03\/4M5A1947-1620x1080.jpg 1620w, https:\/\/stuebi-hamburg.de\/stadtteilschule\/wp-content\/blogs.dir\/2\/files\/2026\/03\/4M5A1947-658x440.jpg 658w, https:\/\/stuebi-hamburg.de\/stadtteilschule\/wp-content\/blogs.dir\/2\/files\/2026\/03\/4M5A1947-1536x1024.jpg 1536w, https:\/\/stuebi-hamburg.de\/stadtteilschule\/wp-content\/blogs.dir\/2\/files\/2026\/03\/4M5A1947-2048x1365.jpg 2048w\" sizes=\"(max-width: 1620px) 100vw, 1620px\" \/><\/figure>\n<\/div>\n<\/div>\n<\/div>\n<\/div>\n\n\n","protected":false},"excerpt":{"rendered":"","protected":false},"author":3,"featured_media":0,"parent":9408,"menu_order":0,"comment_status":"closed","ping_status":"open","template":"","meta":[],"_links":{"self":[{"href":"https:\/\/stuebi-hamburg.de\/stadtteilschule\/wp-json\/wp\/v2\/pages\/154"}],"collection":[{"href":"https:\/\/stuebi-hamburg.de\/stadtteilschule\/wp-json\/wp\/v2\/pages"}],"about":[{"href":"https:\/\/stuebi-hamburg.de\/stadtteilschule\/wp-json\/wp\/v2\/types\/page"}],"author":[{"embeddable":true,"href":"https:\/\/stuebi-hamburg.de\/stadtteilschule\/wp-json\/wp\/v2\/users\/3"}],"replies":[{"embeddable":true,"href":"https:\/\/stuebi-hamburg.de\/stadtteilschule\/wp-json\/wp\/v2\/comments?post=154"}],"version-history":[{"count":28,"href":"https:\/\/stuebi-hamburg.de\/stadtteilschule\/wp-json\/wp\/v2\/pages\/154\/revisions"}],"predecessor-version":[{"id":15881,"href":"https:\/\/stuebi-hamburg.de\/stadtteilschule\/wp-json\/wp\/v2\/pages\/154\/revisions\/15881"}],"up":[{"embeddable":true,"href":"https:\/\/stuebi-hamburg.de\/stadtteilschule\/wp-json\/wp\/v2\/pages\/9408"}],"wp:attachment":[{"href":"https:\/\/stuebi-hamburg.de\/stadtteilschule\/wp-json\/wp\/v2\/media?parent=154"}],"curies":[{"name":"wp","href":"https:\/\/api.w.org\/{rel}","templated":true}]}}