{"id":179,"date":"2011-01-11T10:33:32","date_gmt":"2011-01-11T10:33:32","guid":{"rendered":"https:\/\/stuebi-hamburg.de\/stadtteilschule\/"},"modified":"2017-11-27T10:07:59","modified_gmt":"2017-11-27T09:07:59","slug":"haus-dubelsheide","status":"publish","type":"page","link":"https:\/\/stuebi-hamburg.de\/stadtteilschule\/schulleben\/schullandheime\/haus-dubelsheide\/","title":{"rendered":"Haus D\u00fcbelsheide"},"content":{"rendered":"<p><strong>Liebe Freunde, G\u00e4ste und F\u00f6rderer<\/strong><\/p>\n<p><strong>des Schullandheims Haus D\u00fcbelsheide. Wir w\u00fcnschen Ihnen und Ihren Angeh\u00f6rigen eine besinnliche Advents- und Vorweihnachtszeit sowie einen guten Rutsch in eine gesundes, friedliches und erfolgreiches neues Jahr. Wir freuen uns, dass Sie uns z.T. seit Jahren die Treue halten und unser Haus weiterempfohlen haben. Seien Sie in der kommenden Saison gern wieder G\u00e4ste in Haus D\u00fcbelsheide und genie\u00dfen Sie die Ruhe des Hauses und die Unverwechselbarkeit der Landschaft. Wir gr\u00fc\u00dfen Sie herzlich.<\/strong><\/p>\n<p><strong>Der Vorstand des Vereins Schullandheim Steinbecker Grund e.V.<\/strong><\/p>\n<p>Winterfest<\/p>\n<p>Anl\u00e4sslich des Winterfestes am 15.12.2016 werden Vorstandsmitglieder des Vereins Schullandheim Steinbecker Grund e.V. (Schullandheim Haus D\u00fcbelsheide) an einem Informationsstand Ihre Fragen rund um das Schullandheim gern beantworten. Wir freuen uns auf Sie.<\/p>\n<p><img loading=\"lazy\" class=\"alignleft size-thumbnail wp-image-6508\" src=\"https:\/\/stuebi-hamburg.de\/stadtteilschule\/files\/2011\/01\/L1220689-759x450.jpg\" alt=\"\" width=\"759\" height=\"450\" \/><\/p>\n<p><strong>Das neue Jahr hat angefangen<br \/>\n<\/strong><\/p>\n<p>und damit eine gute Gelegenheit, sich einen der begehrten Termine im Schullandheim Haus D\u00fcbelsheide zu sichern. Einfach anrufen unter <strong>040-670 44 654<\/strong> !<\/p>\n<p>Informationen gibt es hier auf der Seite oder auf unserer Homepage:<\/p>\n<p><a href=\"https:\/\/www.haus-duebelsheide.de\">www.haus-duebelsheide.de<\/a><\/p>\n<p>Nicht nur unser neuer Niedrigseilgarten, auch die Team-Time-Materialien, die Materialien f\u00fcr Untersuchungen in der Natur und die tolle Umgebung machen einen Aufenthalt lohnenswert. Kanutouren auf der nahe gelegenen \u00d6rtze sind ebenso m\u00f6glich wie erlebnisp\u00e4dagogische Aktivit\u00e4ten mit EXEO.<\/p>\n<p>Mehr dazu unter <a href=\"https:\/\/www.exeo.de\">www.exeo.de<\/a><\/p>\n<p>Seit Kurzem sind wir jetzt auch auf <strong>Facebook<\/strong> vertreten. Man findet uns dort unter<\/p>\n<p><a href=\"https:\/\/www.facebook.com\/hausduebelsheide\">www.facebook.com\/hausduebelsheide<\/a><\/p>\n<p>Ganz neu in der D\u00fcbelsheide: Der neue <strong>Niedrigseilgarten<\/strong> Hier seht ihr, wie der Niedrigseilgarten entstanden ist. Die n\u00e4chste Klassenreise in die D\u00fcbelsheide &#8211; das w\u00e4r&#8217; doch was, oder?!<\/p>\n<p><video controls=\"controls\" width=\"695\" height=\"391\"><source src=\"https:\/\/stuebi-hamburg.de\/stadtteilschule\/files\/2011\/01\/Niedrigseilgarten-Haus-Du\u0308belsheide.mp4\" type=\"video\/mp4\" \/><\/video><\/p>\n<p><a href=\"https:\/\/stuebi-hamburg.de\/stadtteilschule\/files\/2011\/01\/IMG_5503n.jpg\" rel=\"lightbox[179]\"><img loading=\"lazy\" class=\"alignleft size-thumbnail wp-image-5590\" src=\"https:\/\/stuebi-hamburg.de\/stadtteilschule\/files\/2011\/01\/IMG_5503n-150x150.jpg\" alt=\"IMG_5503n\" width=\"150\" height=\"150\" \/><\/a><a href=\"https:\/\/stuebi-hamburg.de\/stadtteilschule\/files\/2011\/01\/IMG_5546n.jpg\" rel=\"lightbox[179]\"><img loading=\"lazy\" class=\"alignleft size-thumbnail wp-image-5591\" src=\"https:\/\/stuebi-hamburg.de\/stadtteilschule\/files\/2011\/01\/IMG_5546n-150x150.jpg\" alt=\"IMG_5546n\" width=\"150\" height=\"150\" \/><\/a><a href=\"https:\/\/stuebi-hamburg.de\/stadtteilschule\/files\/2011\/01\/IMG_5548n.jpg\" rel=\"lightbox[179]\"><img loading=\"lazy\" class=\"alignleft size-thumbnail wp-image-5592\" src=\"https:\/\/stuebi-hamburg.de\/stadtteilschule\/files\/2011\/01\/IMG_5548n-150x150.jpg\" alt=\"IMG_5548n\" width=\"150\" height=\"150\" \/><\/a><a href=\"https:\/\/stuebi-hamburg.de\/stadtteilschule\/files\/2011\/01\/IMG_5569n.jpg\" rel=\"lightbox[179]\"><img loading=\"lazy\" class=\"alignleft size-thumbnail wp-image-5593\" src=\"https:\/\/stuebi-hamburg.de\/stadtteilschule\/files\/2011\/01\/IMG_5569n-150x150.jpg\" alt=\"IMG_5569n\" width=\"150\" height=\"150\" \/><\/a><br \/>\n<a href=\"https:\/\/stuebi-hamburg.de\/stadtteilschule\/files\/2011\/01\/IMG_5585n.jpg\" rel=\"lightbox[179]\"><img loading=\"lazy\" class=\"alignleft size-thumbnail wp-image-5594\" src=\"https:\/\/stuebi-hamburg.de\/stadtteilschule\/files\/2011\/01\/IMG_5585n-150x150.jpg\" alt=\"IMG_5585n\" width=\"150\" height=\"150\" \/><\/a><a href=\"https:\/\/stuebi-hamburg.de\/stadtteilschule\/files\/2011\/01\/IMG_5635n.jpg\" rel=\"lightbox[179]\"><img loading=\"lazy\" class=\"alignleft size-thumbnail wp-image-5595\" src=\"https:\/\/stuebi-hamburg.de\/stadtteilschule\/files\/2011\/01\/IMG_5635n-150x150.jpg\" alt=\"IMG_5635n\" width=\"150\" height=\"150\" \/><\/a><br \/>\n<a href=\"https:\/\/stuebi-hamburg.de\/stadtteilschule\/files\/2011\/01\/IMG_5667n.jpg\" rel=\"lightbox[179]\"><img loading=\"lazy\" class=\"alignleft size-thumbnail wp-image-5596\" src=\"https:\/\/stuebi-hamburg.de\/stadtteilschule\/files\/2011\/01\/IMG_5667n-150x150.jpg\" alt=\"IMG_5667n\" width=\"150\" height=\"150\" \/><\/a><a href=\"https:\/\/stuebi-hamburg.de\/stadtteilschule\/files\/2011\/01\/IMG_5669n.jpg\" rel=\"lightbox[179]\"><img loading=\"lazy\" class=\"alignleft size-thumbnail wp-image-5597\" src=\"https:\/\/stuebi-hamburg.de\/stadtteilschule\/files\/2011\/01\/IMG_5669n-150x150.jpg\" alt=\"IMG_5669n\" width=\"150\" height=\"150\" \/><\/a><\/p>\n<p><strong>Und hier die ersten Benutzer:<\/strong><br \/>\n<a href=\"https:\/\/stuebi-hamburg.de\/stadtteilschule\/files\/2011\/01\/P1040525n.jpg\" rel=\"lightbox[179]\"><img loading=\"lazy\" class=\"alignleft size-thumbnail wp-image-5599\" src=\"https:\/\/stuebi-hamburg.de\/stadtteilschule\/files\/2011\/01\/P1040525n-150x150.jpg\" alt=\"P1040525n\" width=\"150\" height=\"150\" \/><\/a><a href=\"https:\/\/stuebi-hamburg.de\/stadtteilschule\/files\/2011\/01\/P1040542n.jpg\" rel=\"lightbox[179]\"><img loading=\"lazy\" class=\"alignleft size-thumbnail wp-image-5600\" src=\"https:\/\/stuebi-hamburg.de\/stadtteilschule\/files\/2011\/01\/P1040542n-150x150.jpg\" alt=\"P1040542n\" width=\"150\" height=\"150\" \/><\/a><a href=\"https:\/\/stuebi-hamburg.de\/stadtteilschule\/files\/2011\/01\/P1040544-2n.jpg\" rel=\"lightbox[179]\"><img loading=\"lazy\" class=\"alignleft size-thumbnail wp-image-5601\" src=\"https:\/\/stuebi-hamburg.de\/stadtteilschule\/files\/2011\/01\/P1040544-2n-150x150.jpg\" alt=\"P1040544 2n\" width=\"150\" height=\"150\" \/><\/a><\/p>\n<p><strong>Selbstversorgerk\u00fcche in Haus D\u00fcbelsheide<\/strong><br \/>\nAuch dies ist neu: Im Schullandheim Haus D\u00fcbelsheide gibt es seit dem Sommer eine Selbstversorgerk\u00fcche. Klassen und Gruppen, die den Wunsch haben, sich selbst vor Ort zu versorgen, haben nun die entsprechenden M\u00f6glichkeiten. Neben einem gro\u00dfen K\u00fchlschrank, einer Mikrowelle und Unterschr\u00e4nken gibt es zwei Induktionsplatten, die das Kochen erleichtern. In den Unterschr\u00e4nken befinden sich s\u00e4mtliche T\u00f6pfe, Pfannen und Arbeitsger\u00e4te sowie das Besteck. Selbst Kuchen k\u00f6nnen in den beiden Hei\u00dfluftherden gebacken werden.<br \/>\n<a href=\"https:\/\/stuebi-hamburg.de\/stadtteilschule\/files\/2011\/01\/IMG_5475n.jpg\" rel=\"lightbox[179]\"><img loading=\"lazy\" class=\"alignleft size-thumbnail wp-image-5604\" src=\"https:\/\/stuebi-hamburg.de\/stadtteilschule\/files\/2011\/01\/IMG_5475n-150x150.jpg\" alt=\"IMG_5475n\" width=\"150\" height=\"150\" \/><\/a><\/p>\n<p><strong>Erster Nachtfrost in der D\u00fcbelsheide<\/strong><\/p>\n<p>In einer <a href=\"https:\/\/stuebi-hamburg.de\/content\/flash\/Frostnew.swf\" target=\"_blank\"><strong>Diashow<\/strong><\/a> k\u00f6nnen Sie hier Fotos vom ersten Nachtfrost in der D\u00fcbelsheide betrachten.<\/p>\n<h2>Erfolgreiche Zertifizierung<\/h2>\n<p>Nach monatelanger Vorbereitung seitens des Vereins Schullandheim Steinbecker Grund <img loading=\"lazy\" class=\"alignright wp-image-2882 size-full\" src=\"https:\/\/stuebi-hamburg.de\/stadtteilschule\/files\/2011\/01\/Zertifizierungslogo.jpg\" alt=\"\" width=\"211\" height=\"203\" \/>e.V. und abschlie\u00dfender Pr\u00fcfung durch den Verband Deutscher Schullandheime e.V. ist es nun amtlich: Haus D\u00fcbelsheide erf\u00fcllt alle Kriterien, die es dem Verein erlauben, das Qualit\u00e4tssiegel &#8220;Zertifiziertes Schullandheim&#8221; zu f\u00fchren. Die entsprechende Urkunde wird dem Verein am Freitag, 22.11.2013, anl\u00e4sslich des &#8220;Tages des Schullandheimes&#8221;, der traditionellen Zusammenkunft der Mitgliedseinrichtungen der Arbeitsgemeinschaft Hamburger Schullandheime e.V., durch den stellvertretenden Vorsitzenden des Verbandes Deutscher Schullandheime, Herrn Grysczyk, \u00fcberreicht. Haus D\u00fcbelsheide ist das zweite Mitgliedshaus in der Arbeitsgemeinschaft, dem dieses G\u00fctesiegel zugesprochen wird.<\/p>\n<p>Das Foto zeigt die \u00dcbergabe der Urkunde durch Herrn Grysczyk (v.li.: Herr Cramer, Herr Renius, Frau Merkina, Herr Grysczyk, verdeckt Herr Scharrer). Daneben die Urkunde.<\/p>\n<p><a href=\"https:\/\/stuebi-hamburg.de\/stadtteilschule\/files\/2011\/01\/\u00dcbergabe-2.jpg\" rel=\"lightbox[179]\"><img loading=\"lazy\" class=\"alignleft size-medium wp-image-2955\" src=\"https:\/\/stuebi-hamburg.de\/stadtteilschule\/files\/2011\/01\/\u00dcbergabe-2-300x200.jpg\" alt=\"\" width=\"300\" height=\"200\" srcset=\"https:\/\/stuebi-hamburg.de\/stadtteilschule\/wp-content\/blogs.dir\/2\/files\/2011\/01\/\u00dcbergabe-2-300x200.jpg 300w, https:\/\/stuebi-hamburg.de\/stadtteilschule\/wp-content\/blogs.dir\/2\/files\/2011\/01\/\u00dcbergabe-2.jpg 690w\" sizes=\"(max-width: 300px) 100vw, 300px\" \/><\/a><a href=\"https:\/\/stuebi-hamburg.de\/stadtteilschule\/files\/2011\/01\/Zertifikat-Kopie.jpg\" rel=\"lightbox[179]\"><img loading=\"lazy\" class=\"alignleft size-medium wp-image-2956\" src=\"https:\/\/stuebi-hamburg.de\/stadtteilschule\/files\/2011\/01\/Zertifikat-Kopie-211x300.jpg\" alt=\"\" width=\"211\" height=\"300\" srcset=\"https:\/\/stuebi-hamburg.de\/stadtteilschule\/wp-content\/blogs.dir\/2\/files\/2011\/01\/Zertifikat-Kopie-211x300.jpg 211w, https:\/\/stuebi-hamburg.de\/stadtteilschule\/wp-content\/blogs.dir\/2\/files\/2011\/01\/Zertifikat-Kopie.jpg 300w\" sizes=\"(max-width: 211px) 100vw, 211px\" \/><\/a><\/p>\n<p>Der Verein freut sich \u00fcber diese Auszeichnung und dankt dem zweiten Vorsitzenden Herrn Cramer und dem ehemaligen Vorsitzenden Herrn Schultze f\u00fcr die zur Zertifizierung notwendigen Vorarbeiten.\u00a0 Die Auszeichnung ist auch eine Best\u00e4tigung f\u00fcr die jahrzehntelange ehrenamtliche T\u00e4tigkeit von Herrn Cramer und Herrn Schultze im Dienste des Vereins.<\/p>\n<h2>Neu im Haus: Selbstversorgerk\u00fcche<\/h2>\n<p>Mit Beginn der kommenden Saison wird Haus D\u00fcbelsheide um eine Attraktion reicher. Die Arbeitsgemeinschaft Hamburger Schullandheime hat einem Antrag des Vereins Steinbecker Grund e.V. zugestimmt und Mittel f\u00fcr die Einrichtung einer Selbstversorgerk\u00fcche bewilligt.<\/p>\n<p>Mussten wir bisher Belegungsanfragen von Gruppen, die eine Selbstversorgung w\u00fcnschten, ablehnen, k\u00f6nnen unsere G\u00e4ste in Zukunft zwischen der bislang gewohnten Vollverpflegung und einer Selbstversorgung w\u00e4hlen. Damit wird Haus D\u00fcbelsheide auch f\u00fcr G\u00e4stegruppen attraktiv, die ihre Ern\u00e4hrung selbst planen und durchf\u00fchren m\u00f6chten.<\/p>\n<h2>Liebe Freunde von Haus D\u00fcbelsheide,<\/h2>\n<p>In Zukunft werden hier weitere aktuelle Informationen und Fotos ver\u00f6ffentlicht. Es w\u00e4re toll, wenn wir m\u00f6glichst bald viele klicks auf den \u201cGef\u00e4llt-mir\u201d-Button verzeichnen k\u00f6nnten! Also gerne dort klicken, Haus D\u00fcbelsheide in der Chronik posten und an Freunde und Bekannte weiterempfehlen.<\/p>\n<p>Herzliche Gr\u00fc\u00dfe und weiterhin einen sch\u00f6nen Sommer w\u00fcnscht der<\/p>\n<p>Vorstand des Schullandheims Haus D\u00fcbelsheide<\/p>\n<p>Haus D\u00fcbelsheide &#8211;\u00a0 das Schullandheim im Naturpark S\u00fcdheide<a href=\"https:\/\/stuebi-hamburg.de\/stadtteilschule\/files\/2011\/01\/Logo-Duebelsheide4.jpeg\" rel=\"lightbox[179]\"><img loading=\"lazy\" class=\"size-medium wp-image-1463 alignleft\" src=\"https:\/\/stuebi-hamburg.de\/stadtteilschule\/files\/2011\/01\/Logo-Duebelsheide4-300x259.jpg\" alt=\"\" width=\"300\" height=\"259\" \/><\/a><\/p>\n<p>&nbsp;<\/p>\n<p>Wir freuen uns auf Ihren Besuch!<\/p>\n<p>Mehr\u00a0 \u00fcber das Haus und seine vielf\u00e4ltigen Nutzungsm\u00f6glichkeiten erfahren Sie auf der Homepage, wenn Sie <strong><a href=\"https:\/\/www.haus-duebelsheide.de\" target=\"_blank\">hier klicken<\/a><\/strong>.<\/p>\n<p><strong>Schnell informiert werden Sie auch \u00fcber die digitale Hausmappe, wenn Sie <a href=\"https:\/\/stuebi-hamburg.de\/content\/flash\/HDFS18122013.swf\" target=\"_blank\">hier klicken<\/a> (dazu ben\u00f6tigen Sie den Adobe Flash-Player). Viele Spa\u00df beim Betrachten!<\/strong><\/p>\n<p>Hier k\u00f6nnen Sie sich den neuen <strong><a href=\"https:\/\/stuebi-hamburg.de\/content\/pdf\/Flyer2013.pdf\" target=\"_blank\">Hausprospekt<\/a><\/strong> ansehen und herunterladen.<\/p>\n<p>Einen interessanten Einblick in die Sch\u00e4ferei der Heide erhalten Sie\u00a0 durch das NDR-Video: <strong>Von Schafen und Sch\u00e4fern<\/strong>. Der Trek in die L\u00fcneburger Heide. Sie erhalten das Video gegen Geb\u00fchr beim <a href=\"https:\/\/www.ndrmitschnittservice.de\/\" target=\"_blank\">NDR-Mitschnittservice<\/a>. Einen weiteren Film, der am 6.2.2013 im 3. Programm des NDR lief (Expeditionen ins Tierreich: Die S\u00fcdheide) k\u00f6nnen Sie ebenfalls beim Mitschnittservice bestellen.<\/p>\n<p>F\u00fcr Buchungsanfragen erreichen Sie uns unter:<br \/>\nTelefon: 040 &#8211; 670 44 654<br \/>\nE-Mail: <a href=\"mailto:info@haus-duebelsheide.de\">info@haus-duebelsheide.de <\/a><\/p>\n<p>Homepage: <a href=\"https:\/\/www.haus-duebelsheide.de\">www.haus-duebelsheide.de<\/a><\/p>\n<p>Wichtige Informationspapiere zum Thema Schulfahrten<br \/>\nKommunen m\u00fcssen <a href=\"https:\/\/stuebi-hamburg.de\/stadtteilschule\/files\/2011\/01\/hartz42.pdf\">Klassenfahrten<\/a> voll bezahlen<br \/>\n<a href=\"https:\/\/stuebi-hamburg.de\/content\/pdf\/richtlinienschulf.pdf\" target=\"_blank\">Richtlinien<\/a> f\u00fcr Schulfahrten<br \/>\n<a href=\"https:\/\/stuebi-hamburg.de\/content\/download\/dateien\/vielfalt-deutsch.pdf\">Vielfalt<\/a> in der Schule: Elternratgeber (deutsch)<br \/>\n<a href=\"https:\/\/stuebi-hamburg.de\/content\/download\/dateien\/vielfalt-tuerkisch.pdf\">Vielfalt<\/a> in der Schule: Elternratgeber (t\u00fcrkisch)<\/p>\n<p><a href=\"https:\/\/www.haus-duebelsheide.de\/wp-content\/uploads\/2012\/03\/Problemfall-Klassenfahrten.ppsx\" target=\"_blank\">Problemfall-Klassenreisen<\/a><\/p>\n<p><a href=\"https:\/\/www.hamburger-schullandheime.de\"><img loading=\"lazy\" class=\"alignleft size-full wp-image-1466\" src=\"https:\/\/stuebi-hamburg.de\/stadtteilschule\/files\/2011\/01\/Logo-ARGE_Web260px_2011.png\" alt=\"\" width=\"260\" height=\"74\" \/><\/a><\/p>\n","protected":false},"excerpt":{"rendered":"<p>Liebe Freunde, G\u00e4ste und F\u00f6rderer des Schullandheims Haus D\u00fcbelsheide. Wir w\u00fcnschen Ihnen und Ihren Angeh\u00f6rigen eine besinnliche Advents- und Vorweihnachtszeit sowie einen guten Rutsch in eine gesundes, friedliches und erfolgreiches neues Jahr. Wir freuen uns, dass Sie uns z.T. seit &hellip; <a href=\"https:\/\/stuebi-hamburg.de\/stadtteilschule\/schulleben\/schullandheime\/haus-dubelsheide\/\">Weiterlesen <span class=\"meta-nav\">&rarr;<\/span><\/a><\/p>\n","protected":false},"author":10,"featured_media":5009,"parent":4591,"menu_order":0,"comment_status":"closed","ping_status":"closed","template":"","meta":[],"_links":{"self":[{"href":"https:\/\/stuebi-hamburg.de\/stadtteilschule\/wp-json\/wp\/v2\/pages\/179"}],"collection":[{"href":"https:\/\/stuebi-hamburg.de\/stadtteilschule\/wp-json\/wp\/v2\/pages"}],"about":[{"href":"https:\/\/stuebi-hamburg.de\/stadtteilschule\/wp-json\/wp\/v2\/types\/page"}],"author":[{"embeddable":true,"href":"https:\/\/stuebi-hamburg.de\/stadtteilschule\/wp-json\/wp\/v2\/users\/10"}],"replies":[{"embeddable":true,"href":"https:\/\/stuebi-hamburg.de\/stadtteilschule\/wp-json\/wp\/v2\/comments?post=179"}],"version-history":[{"count":143,"href":"https:\/\/stuebi-hamburg.de\/stadtteilschule\/wp-json\/wp\/v2\/pages\/179\/revisions"}],"predecessor-version":[{"id":6999,"href":"https:\/\/stuebi-hamburg.de\/stadtteilschule\/wp-json\/wp\/v2\/pages\/179\/revisions\/6999"}],"up":[{"embeddable":true,"href":"https:\/\/stuebi-hamburg.de\/stadtteilschule\/wp-json\/wp\/v2\/pages\/4591"}],"wp:featuredmedia":[{"embeddable":true,"href":"https:\/\/stuebi-hamburg.de\/stadtteilschule\/wp-json\/wp\/v2\/media\/5009"}],"wp:attachment":[{"href":"https:\/\/stuebi-hamburg.de\/stadtteilschule\/wp-json\/wp\/v2\/media?parent=179"}],"curies":[{"name":"wp","href":"https:\/\/api.w.org\/{rel}","templated":true}]}}