{"id":4533,"date":"2015-06-03T20:22:56","date_gmt":"2015-06-03T20:22:56","guid":{"rendered":"https:\/\/stuebi-hamburg.de\/stadtteilschule\/?page_id=4533"},"modified":"2018-03-13T15:44:38","modified_gmt":"2018-03-13T14:44:38","slug":"arbeitsplatz-schule","status":"publish","type":"page","link":"https:\/\/stuebi-hamburg.de\/stadtteilschule\/wir-ueber-uns\/allgemein\/arbeitsplatz-schule\/","title":{"rendered":"Arbeitsplatz Schule"},"content":{"rendered":"<p>Eine Schule besteht herk\u00f6mmlich aus Klassen- und Fachr\u00e4umen. Diese R\u00e4ume m\u00fcssen komplexe spezifische Funktionen erf\u00fcllen. Beispiele sind:<br \/>\n\u2022 Fachunterricht,<br \/>\n\u2022 Ort f\u00fcr Kommunikation in allen Formen,<br \/>\n\u2022 \u201eHeimat\u201c einer Klasse sein,<br \/>\n\u2022 Arbeitsplatz f\u00fcr Klassen- und Fachlehrer<\/p>\n<p>Weder im Wohnbereich noch im B\u00fcro oder anderen Arbeitsst\u00e4ttenbereichen gibt es derart komplexe Aufgaben f\u00fcr einzelne R\u00e4ume. Dazu kommt eine relative Enge.<\/p>\n<p>Die gesellschaftlich gestellten Aufgaben f\u00fcr Schule haben sich ver\u00e4ndert. Schule musste sich entwickelt. Stichworte sind Inklusion und ganzt\u00e4giges Lernen. Damit sind Lehrerinnen und Lehrer gezwungen die Funktionalit\u00e4t der R\u00e4ume den gestellten Aufgaben anzupassen. Wurde fr\u00fcher an Tischen hintereinander geschrieben und gerechnet, eher theoretisch gearbeitet und zugeh\u00f6rt, finden sich in heutigen R\u00e4umen Forscher- , Lese- und Matheecken, Computerarbeitspl\u00e4tze, elektronische Tafeln sowie Entspannungsfl\u00e4chen &#8211; somit individuelle Sch\u00fclerarbeitspl\u00e4tze.<\/p>\n<p>Die Stadtteilschule St\u00fcbenhofer Weg versteht <strong>Schule als Arbeitsplatz<\/strong> f\u00fcr Sch\u00fclerinnen und Sch\u00fcler sowie P\u00e4dagoginnen und P\u00e4dagogen!<\/p>\n<p>Damit verbunden sind ein offener Umgang zwischen P\u00e4dagogen und Sch\u00fclern, der P\u00e4dagoginnen und P\u00e4dagogen untereinander, vor allem aber der Austausch und die Begegnung der Sch\u00fclerinnen und Sch\u00fcler. Man nimmt sich gegenseitig wahr! Lernen findet nicht nur in den Klassenr\u00e4umen und im Klassenverband statt, sondern individuell in den Zwischenbereichen, auf den Treppen, den individuellen Arbeitspl\u00e4tzen und dem Pausenhof.<br \/>\nDamit ist jeder Bereich, von der Cafeteria als Ort der Entspannung und des R\u00fcckzugs, den \u201e\u00f6ffentlichen\u201c Differenzierungsfl\u00e4chen, den Klassen- und Frachtr\u00e4umen sowie Werkst\u00e4tten bis hin zur stets ge\u00f6ffneten Bibliothek, Teil eines insgesamt produktiven Lern- und Arbeitsprozesses in der Schule.<\/p>\n<p><img loading=\"lazy\" class=\"wp-image-7235 aligncenter\" src=\"https:\/\/stuebi-hamburg.de\/stadtteilschule\/files\/2018\/03\/PB222026-587x440.jpg\" alt=\"\" width=\"350\" height=\"263\" srcset=\"https:\/\/stuebi-hamburg.de\/stadtteilschule\/wp-content\/blogs.dir\/2\/files\/2018\/03\/PB222026-587x440.jpg 587w, https:\/\/stuebi-hamburg.de\/stadtteilschule\/wp-content\/blogs.dir\/2\/files\/2018\/03\/PB222026-1440x1080.jpg 1440w\" sizes=\"(max-width: 350px) 100vw, 350px\" \/><\/p>\n<p>Mit dieser Bestimmung ist eine rationale Gestaltung unter arbeits\u00f6konomischen Gesichtspunkten m\u00f6glich. Berufsorientierung beginnt bei der Nutzung des eigenen Arbeitsplatzes in der Schule selbst. Der individuelle Arbeitsplatz ist notwendiges Hilfsmittel f\u00fcr erfolgreiche Arbeits- und Lernprozesse der SuS zur Erreichung der in den Bildungspl\u00e4nen festgelegten Kompetenzen.<\/p>\n<p>Wichtiger Teil dieser Vorstellung ist und bleibt dabei der Klassenraum. Er ist der Arbeitsplatz der Sch\u00fclerinnen und Sch\u00fcler sowie der P\u00e4dagoginnen und P\u00e4dagogen in der Schule. Er muss daf\u00fcr eingerichtet, gestaltet und organisiert sein. Sch\u00fclerarbeitspl\u00e4tze, Computerarbeitsm\u00f6glichkeiten, Pr\u00e4sentationsw\u00e4nde und Ablagefl\u00e4chen erlangen eine gr\u00f6\u00dfere Bedeutung, um den Anforderungen eines differenzierten Unterrichts gerecht zu werden.<br \/>\nDazu geh\u00f6ren auch die \u201e\u00f6ffentlichen Fl\u00e4chen\u201c au\u00dferhalb des Klassenraums und die zu nutzenden Differenzierungsr\u00e4ume. Gelernt und gearbeitet wird nicht nur in den Klassenr\u00e4umen, sondern auch in daf\u00fcr an der Stadtteilschule St\u00fcbenhofer weg vorgesehenen offenen Fl\u00e4chen des gesamten Geb\u00e4udes. Dadurch werden individuelle Lernprozesse unterst\u00fctzt und zus\u00e4tzlich erm\u00f6glicht.<\/p>\n<p><img loading=\"lazy\" class=\"wp-image-7234 aligncenter\" src=\"https:\/\/stuebi-hamburg.de\/stadtteilschule\/files\/2018\/03\/PB222030-587x440.jpg\" alt=\"\" width=\"350\" height=\"263\" srcset=\"https:\/\/stuebi-hamburg.de\/stadtteilschule\/wp-content\/blogs.dir\/2\/files\/2018\/03\/PB222030-587x440.jpg 587w, https:\/\/stuebi-hamburg.de\/stadtteilschule\/wp-content\/blogs.dir\/2\/files\/2018\/03\/PB222030-1440x1080.jpg 1440w\" sizes=\"(max-width: 350px) 100vw, 350px\" \/><\/p>\n<p>P\u00e4dagoginnen und P\u00e4dagogen ben\u00f6tigen f\u00fcr ihre Arbeit dabei flexible Arbeitspl\u00e4tze und die M\u00f6glichkeit in einer Lehrerwerkstatt Unterrichtsmaterial herzustellen. Damit wird es ihnen erm\u00f6glicht, Arbeitszeit in der Schule effizienter und sinnvoller zu nutzen. Sie k\u00f6nnen Zusammenarbeit mit Kolleginnen und Kollegen direkt erfahren. &#8211; Gemeinsam statt einsam!<\/p>\n","protected":false},"excerpt":{"rendered":"<p>Eine Schule besteht herk\u00f6mmlich aus Klassen- und Fachr\u00e4umen. Diese R\u00e4ume m\u00fcssen komplexe spezifische Funktionen erf\u00fcllen. Beispiele sind: \u2022 Fachunterricht, \u2022 Ort f\u00fcr Kommunikation in allen Formen, \u2022 \u201eHeimat\u201c einer Klasse sein, \u2022 Arbeitsplatz f\u00fcr Klassen- und Fachlehrer Weder im Wohnbereich &hellip; <a href=\"https:\/\/stuebi-hamburg.de\/stadtteilschule\/wir-ueber-uns\/allgemein\/arbeitsplatz-schule\/\">Weiterlesen <span class=\"meta-nav\">&rarr;<\/span><\/a><\/p>\n","protected":false},"author":10,"featured_media":7236,"parent":6746,"menu_order":0,"comment_status":"closed","ping_status":"closed","template":"","meta":[],"_links":{"self":[{"href":"https:\/\/stuebi-hamburg.de\/stadtteilschule\/wp-json\/wp\/v2\/pages\/4533"}],"collection":[{"href":"https:\/\/stuebi-hamburg.de\/stadtteilschule\/wp-json\/wp\/v2\/pages"}],"about":[{"href":"https:\/\/stuebi-hamburg.de\/stadtteilschule\/wp-json\/wp\/v2\/types\/page"}],"author":[{"embeddable":true,"href":"https:\/\/stuebi-hamburg.de\/stadtteilschule\/wp-json\/wp\/v2\/users\/10"}],"replies":[{"embeddable":true,"href":"https:\/\/stuebi-hamburg.de\/stadtteilschule\/wp-json\/wp\/v2\/comments?post=4533"}],"version-history":[{"count":11,"href":"https:\/\/stuebi-hamburg.de\/stadtteilschule\/wp-json\/wp\/v2\/pages\/4533\/revisions"}],"predecessor-version":[{"id":7239,"href":"https:\/\/stuebi-hamburg.de\/stadtteilschule\/wp-json\/wp\/v2\/pages\/4533\/revisions\/7239"}],"up":[{"embeddable":true,"href":"https:\/\/stuebi-hamburg.de\/stadtteilschule\/wp-json\/wp\/v2\/pages\/6746"}],"wp:featuredmedia":[{"embeddable":true,"href":"https:\/\/stuebi-hamburg.de\/stadtteilschule\/wp-json\/wp\/v2\/media\/7236"}],"wp:attachment":[{"href":"https:\/\/stuebi-hamburg.de\/stadtteilschule\/wp-json\/wp\/v2\/media?parent=4533"}],"curies":[{"name":"wp","href":"https:\/\/api.w.org\/{rel}","templated":true}]}}