{"id":4562,"date":"2015-06-03T20:45:32","date_gmt":"2015-06-03T20:45:32","guid":{"rendered":"https:\/\/stuebi-hamburg.de\/stadtteilschule\/?page_id=4562"},"modified":"2018-07-02T19:52:55","modified_gmt":"2018-07-02T17:52:55","slug":"links","status":"publish","type":"page","link":"https:\/\/stuebi-hamburg.de\/stadtteilschule\/bildungswege\/berufsorientierung\/links\/","title":{"rendered":"Links"},"content":{"rendered":"<h2><span style=\"font-size: x-large\">Ausgew\u00e4hlte Internet-Angebote<\/span><\/h2>\n<h2><strong><span style=\"font-size: large\">Sich selbst erkunden<\/span><\/strong><\/h2>\n<ul>\n<li><a href=\"https:\/\/www.planet-beruf.de\/Interessen-und-Staer.12600.0.html\">Interessen &amp; St\u00e4rken<\/a><\/li>\n<li><a href=\"https:\/\/www.planet-beruf.de\/BERUFE-Universum.119.0.html\">BERUFE-Universum<\/a><\/li>\n<\/ul>\n<h2><strong><span style=\"font-size: large\">Berufe \/ Berufsfeld finden<\/span><\/strong><\/h2>\n<ul>\n<ul>\n<li><a href=\"https:\/\/www.planet-beruf.de\/Berufe-von-A-Z.39.0.html\">Ausbildungsberufe &#8211; A-Z<\/a><\/li>\n<li><a href=\"https:\/\/www.planet-beruf.de\/Berufe-live.40.0.html\">Berufe &#8211; live<\/a><\/li>\n<\/li>\n<\/ul>\n<\/ul>\n<h2><span style=\"font-size: large\"><strong>Unternehmen finden<\/strong><\/span><\/h2>\n<ul>\n<ul>\n<ul>\n<li><a href=\"https:\/\/jobboerse.arbeitsagentur.de\/\">Jobb\u00f6rse &#8211; Agentur f\u00fcr Arbeit<\/a><\/li>\n<\/ul>\n<ul>\n<li><a href=\"https:\/\/www.ihk-lehrstellenboerse.de\/joboffers\/search.html?query=Alle+Berufe&amp;location=Hamburg\">Lehrstellenb\u00f6rse &#8211; Handelskammer HH<\/a><\/li>\n<li><a href=\"https:\/\/www.hwk-hamburg.de\/nc\/ausbildung\/lehrstellenboerse.html\">Lehrstellenb\u00f6rse &#8211; Handwerkskammer HH<\/a><\/li>\n<\/ul>\n<ul>\n<li><a href=\"https:\/\/www.aubi-plus.de\/extern\/2356\/suchmaschine\/suche\/?suche_id=&#038;suche_typ=&#038;adresse_id=38496&#038;suche=&#038;adresse=Hamburg+%28Hamburg%2C+Deutschland%29&#038;absenden=Absenden\">AUBI-<em>plus<\/em><\/a><\/li>\n<li><a href=\"https:\/\/www.bankjob.de\">Bankjob.de<\/a><\/li>\n<li><a href=\"https:\/\/www.jobb\u00f6rse.de\/\">JOBB\u00d6RSE.de<\/a><\/li>\n<\/ul>\n<ul>\n<li><a href=\"https:\/\/www.hamburger-praktikumsboerse.de\/\">Praktikumsb\u00f6rse &#8211; Handelskammer HH<\/a><\/li>\n<li><a href=\"https:\/\/www.hwk-hamburg.de\/nc\/ausbildung\/praktikumsboerse.html\">Praktikumsb\u00f6rse &#8211; Handwerkskammer HH<\/a><\/li>\n<\/ul>\n<ul>\n<li><a href=\"https:\/\/www.gelbeseiten.de\/?wwac_name=GelbeSeiten+DE+Branding&amp;wwac_id=84540&amp;wwac_el=Textanzeige&amp;wwac_src=www.google.de&amp;wwac_med=CPC&amp;wwac_kw=gelbeseiten.&amp;erid=1389958229128201701&amp;zanpid=1859223515455542272\">Gelbe Seiten Branchenbuch<\/a><\/li>\n<\/ul>\n<\/ul>\n<\/ul>\n<h2><strong><span style=\"font-size: large\">Bewerben<\/span><\/strong><\/h2>\n<ul>\n<ul>\n<ul>\n<li><a href=\"https:\/\/bwt.planet-beruf.de\/\">Bewerbungstraining<\/a><\/li>\n<li><a href=\"https:\/\/www.planet-beruf.de\/Expertentipps.12602.0.html?&amp;type=17\">Expertentipps<\/a><\/li>\n<\/ul>\n<\/ul>\n<\/ul>\n<h2><strong><span style=\"font-size: large\">Einstellungstest vorbereiten<\/span><\/strong><\/h2>\n<ul>\n<ul>\n<ul>\n<li><a href=\"https:\/\/www.arbeitsagentur.de\/zentraler-Content\/Veroeffentlichungen\/Sonstiges\/Orientierungshilfe.pdf\">Orientierungshilfe zu Auswahltests &#8211; Agentur f\u00fcr Arbeit &#8211; PDF<\/a><\/li>\n<li><a href=\"https:\/\/bwt.planet-beruf.de\/index.php?id=6\">Bewerbungstraining &#8211; Auswahltests<\/a><\/li>\n<li><a href=\"https:\/\/Ausbildungspark.com\/einstellungstest\/\" target=\"_blank\">Einstellungstests zu verschiedenen Berufen<\/a><\/li>\n<\/ul>\n<\/ul>\n<\/ul>\n<h2><span style=\"font-size: large\"><strong>Einstellungsgespr\u00e4ch vorbereiten<\/strong><\/span><\/h2>\n<ul>\n<ul>\n<li><a href=\"https:\/\/bwt.planet-beruf.de\/index.php?id=7\">Bewerbungstraining &#8211; Vorstellungsgespr\u00e4ch<\/a><\/li>\n<li><a href=\"https:\/\/www.planet-beruf.de\/Vorstellungsgespraec.14564.0.html?&amp;type=17\">Vorstellungsgespr\u00e4ch aus Firmensicht<\/a><\/li>\n<\/ul>\n<\/ul>\n","protected":false},"excerpt":{"rendered":"<p>Ausgew\u00e4hlte Internet-Angebote Sich selbst erkunden Interessen &amp; St\u00e4rken BERUFE-Universum Berufe \/ Berufsfeld finden Ausbildungsberufe &#8211; A-Z Berufe &#8211; live Unternehmen finden Jobb\u00f6rse &#8211; Agentur f\u00fcr Arbeit Lehrstellenb\u00f6rse &#8211; Handelskammer HH Lehrstellenb\u00f6rse &#8211; Handwerkskammer HH AUBI-plus Bankjob.de JOBB\u00d6RSE.de Praktikumsb\u00f6rse &#8211; Handelskammer &hellip; <a href=\"https:\/\/stuebi-hamburg.de\/stadtteilschule\/bildungswege\/berufsorientierung\/links\/\">Weiterlesen <span class=\"meta-nav\">&rarr;<\/span><\/a><\/p>\n","protected":false},"author":10,"featured_media":0,"parent":4666,"menu_order":0,"comment_status":"closed","ping_status":"closed","template":"","meta":[],"_links":{"self":[{"href":"https:\/\/stuebi-hamburg.de\/stadtteilschule\/wp-json\/wp\/v2\/pages\/4562"}],"collection":[{"href":"https:\/\/stuebi-hamburg.de\/stadtteilschule\/wp-json\/wp\/v2\/pages"}],"about":[{"href":"https:\/\/stuebi-hamburg.de\/stadtteilschule\/wp-json\/wp\/v2\/types\/page"}],"author":[{"embeddable":true,"href":"https:\/\/stuebi-hamburg.de\/stadtteilschule\/wp-json\/wp\/v2\/users\/10"}],"replies":[{"embeddable":true,"href":"https:\/\/stuebi-hamburg.de\/stadtteilschule\/wp-json\/wp\/v2\/comments?post=4562"}],"version-history":[{"count":19,"href":"https:\/\/stuebi-hamburg.de\/stadtteilschule\/wp-json\/wp\/v2\/pages\/4562\/revisions"}],"predecessor-version":[{"id":7426,"href":"https:\/\/stuebi-hamburg.de\/stadtteilschule\/wp-json\/wp\/v2\/pages\/4562\/revisions\/7426"}],"up":[{"embeddable":true,"href":"https:\/\/stuebi-hamburg.de\/stadtteilschule\/wp-json\/wp\/v2\/pages\/4666"}],"wp:attachment":[{"href":"https:\/\/stuebi-hamburg.de\/stadtteilschule\/wp-json\/wp\/v2\/media?parent=4562"}],"curies":[{"name":"wp","href":"https:\/\/api.w.org\/{rel}","templated":true}]}}