{"id":4602,"date":"2015-06-03T21:04:33","date_gmt":"2015-06-03T21:04:33","guid":{"rendered":"https:\/\/stuebi-hamburg.de\/stadtteilschule\/?page_id=4602"},"modified":"2020-11-05T22:20:05","modified_gmt":"2020-11-05T21:20:05","slug":"wettbewerbe","status":"publish","type":"page","link":"https:\/\/stuebi-hamburg.de\/stadtteilschule\/lernen\/foerdern-fordern\/wettbewerbe\/","title":{"rendered":"Wettbewerbe"},"content":{"rendered":"\n<h2 style=\"color:#046e9c\"><strong>Trommelwirbel und erster Platz f\u00fcr unser\nH\u00f6rspiel \u201eReisender\u201c <\/strong><\/h2>\n\n\n\n<div class=\"wp-block-image\"><figure class=\"aligncenter size-large\"><img loading=\"lazy\" width=\"1280\" height=\"854\" src=\"https:\/\/stuebi-hamburg.de\/stadtteilschule\/wp-content\/blogs.dir\/2\/files\/2020\/11\/Bild_Sch\u00fcler_Medienstuebi.png\" alt=\"\" class=\"wp-image-8556\" srcset=\"https:\/\/stuebi-hamburg.de\/stadtteilschule\/wp-content\/blogs.dir\/2\/files\/2020\/11\/Bild_Sch\u00fcler_Medienstuebi.png 1280w, https:\/\/stuebi-hamburg.de\/stadtteilschule\/wp-content\/blogs.dir\/2\/files\/2020\/11\/Bild_Sch\u00fcler_Medienstuebi-658x440.png 658w\" sizes=\"(max-width: 1280px) 100vw, 1280px\" \/><figcaption>Hinz und Kunzt, Juliausgabe 2019<\/figcaption><\/figure><\/div>\n\n\n\n<p>Willkommenskultur und Gastfreundschaft wird bei uns gro\u00dfgeschrieben. Das zeigt unser H\u00f6rspiel \u201eReisender\u201c, welches die Sch\u00fclerfirma Medienst\u00fcbi produziert hat. Unter rund 25 Beitr\u00e4gen von Schulen aus ganz Hamburg konnte sich \u201eReisender\u201c im Schulwettbewerb von Audiyou und Hinz &amp; Kunzt durchsetzen und wurde mit dem ersten Platz gek\u00fcrt. <br><br> Zurecht, denn das H\u00f6rspiel \u201eReisender\u201c demonstriert eindrucksvoll, wie sich ein Mann in einer fremden Umgebung verirrt und verzweifelt auf Hilfe hofft. Stattdessen erf\u00e4hrt er jedoch Ablehnung und Abweisung \u2013 das Gegenteil von Gastfreundschaft. Das Blatt wendet sich und die Aufmerksamkeit liegt auf der Pointe des Spots: \u201eWenn aus Fremden Freunde werden\u201c. <\/p>\n\n\n\n<figure class=\"wp-block-audio\"><audio controls src=\"https:\/\/stuebi-hamburg.de\/stadtteilschule\/wp-content\/blogs.dir\/2\/files\/2020\/11\/Reisender_Stuebi-Hamburg.mp3\"><\/audio><figcaption>Audio-Spot &#8220;Reisender&#8221;<\/figcaption><\/figure>\n\n\n\n<figure class=\"wp-block-image size-full\"><img loading=\"lazy\" width=\"1280\" height=\"900\" src=\"https:\/\/stuebi-hamburg.de\/stadtteilschule\/wp-content\/blogs.dir\/2\/files\/2020\/11\/Urkunde_Wettbewerb01-2.png\" alt=\"\" class=\"wp-image-8559\" srcset=\"https:\/\/stuebi-hamburg.de\/stadtteilschule\/wp-content\/blogs.dir\/2\/files\/2020\/11\/Urkunde_Wettbewerb01-2.png 1280w, https:\/\/stuebi-hamburg.de\/stadtteilschule\/wp-content\/blogs.dir\/2\/files\/2020\/11\/Urkunde_Wettbewerb01-2-626x440.png 626w\" sizes=\"(max-width: 1280px) 100vw, 1280px\" \/><\/figure>\n\n\n\n<p>\n\n\n\n\n\n\n\n\n\n\n\n\n\n\n\n\nUnd wenn\ndas noch nicht genug w\u00e4re, hat unser zweiter Spot den Sonderpreis f\u00fcr\nProduktion erhalten. Medienproduktion k\u00f6nnen wir und sind stolz darauf, die\nH\u00f6rspiel-Champions 2019 in Hamburg zu sein.\n\n\n\n<\/p>\n\n\n\n<figure class=\"wp-block-audio\"><audio controls src=\"https:\/\/stuebi-hamburg.de\/stadtteilschule\/wp-content\/blogs.dir\/2\/files\/2020\/11\/Ausdruck-von-Gastfreundschaft.mp3\"><\/audio><figcaption>Ausdruck von Gastfreundschaft<\/figcaption><\/figure>\n\n\n\n<figure class=\"wp-block-image size-full\"><img loading=\"lazy\" width=\"1280\" height=\"910\" src=\"https:\/\/stuebi-hamburg.de\/stadtteilschule\/wp-content\/blogs.dir\/2\/files\/2020\/11\/Urkunde_Wettbewerb02-2.png\" alt=\"\" class=\"wp-image-8560\" srcset=\"https:\/\/stuebi-hamburg.de\/stadtteilschule\/wp-content\/blogs.dir\/2\/files\/2020\/11\/Urkunde_Wettbewerb02-2.png 1280w, https:\/\/stuebi-hamburg.de\/stadtteilschule\/wp-content\/blogs.dir\/2\/files\/2020\/11\/Urkunde_Wettbewerb02-2-619x440.png 619w\" sizes=\"(max-width: 1280px) 100vw, 1280px\" \/><\/figure>\n\n\n\n<p>Weitere\nLinks:<\/p>\n\n\n\n<p><a href=\"https:\/\/www.audiyou.de\/audiyou\/blog\/blogbeitrag\/wie-klingt-gastfreundschaft\/\">https:\/\/www.audiyou.de\/audiyou\/blog\/blogbeitrag\/wie-klingt-gastfreundschaft\/<\/a><\/p>\n\n\n\n<figure class=\"wp-block-embed-wordpress wp-block-embed is-type-wp-embed is-provider-hinz-amp-kunzt\"><div class=\"wp-block-embed__wrapper\">\n<blockquote class=\"wp-embedded-content\" data-secret=\"TStBZmGuwA\"><a href=\"https:\/\/www.hinzundkunzt.de\/audiyou-2019-preise\/\">So klingt Gastfreundschaft<\/a><\/blockquote><iframe class=\"wp-embedded-content\" sandbox=\"allow-scripts\" security=\"restricted\" style=\"position: absolute; clip: rect(1px, 1px, 1px, 1px);\" title=\"&#8222;So klingt Gastfreundschaft&#8220; &#8212; Hinz&amp;Kunzt\" src=\"https:\/\/www.hinzundkunzt.de\/audiyou-2019-preise\/embed\/#?secret=TStBZmGuwA\" data-secret=\"TStBZmGuwA\" width=\"600\" height=\"338\" frameborder=\"0\" marginwidth=\"0\" marginheight=\"0\" scrolling=\"no\"><\/iframe>\n<\/div><\/figure>\n","protected":false},"excerpt":{"rendered":"<p>Trommelwirbel und erster Platz f\u00fcr unser H\u00f6rspiel \u201eReisender\u201c Willkommenskultur und Gastfreundschaft wird bei uns gro\u00dfgeschrieben. Das zeigt unser H\u00f6rspiel \u201eReisender\u201c, welches die Sch\u00fclerfirma Medienst\u00fcbi produziert hat. Unter rund 25 Beitr\u00e4gen von Schulen aus ganz Hamburg konnte sich \u201eReisender\u201c im Schulwettbewerb &hellip; <a href=\"https:\/\/stuebi-hamburg.de\/stadtteilschule\/lernen\/foerdern-fordern\/wettbewerbe\/\">Weiterlesen <span class=\"meta-nav\">&rarr;<\/span><\/a><\/p>\n","protected":false},"author":10,"featured_media":0,"parent":6786,"menu_order":0,"comment_status":"closed","ping_status":"closed","template":"","meta":[],"_links":{"self":[{"href":"https:\/\/stuebi-hamburg.de\/stadtteilschule\/wp-json\/wp\/v2\/pages\/4602"}],"collection":[{"href":"https:\/\/stuebi-hamburg.de\/stadtteilschule\/wp-json\/wp\/v2\/pages"}],"about":[{"href":"https:\/\/stuebi-hamburg.de\/stadtteilschule\/wp-json\/wp\/v2\/types\/page"}],"author":[{"embeddable":true,"href":"https:\/\/stuebi-hamburg.de\/stadtteilschule\/wp-json\/wp\/v2\/users\/10"}],"replies":[{"embeddable":true,"href":"https:\/\/stuebi-hamburg.de\/stadtteilschule\/wp-json\/wp\/v2\/comments?post=4602"}],"version-history":[{"count":10,"href":"https:\/\/stuebi-hamburg.de\/stadtteilschule\/wp-json\/wp\/v2\/pages\/4602\/revisions"}],"predecessor-version":[{"id":8578,"href":"https:\/\/stuebi-hamburg.de\/stadtteilschule\/wp-json\/wp\/v2\/pages\/4602\/revisions\/8578"}],"up":[{"embeddable":true,"href":"https:\/\/stuebi-hamburg.de\/stadtteilschule\/wp-json\/wp\/v2\/pages\/6786"}],"wp:attachment":[{"href":"https:\/\/stuebi-hamburg.de\/stadtteilschule\/wp-json\/wp\/v2\/media?parent=4602"}],"curies":[{"name":"wp","href":"https:\/\/api.w.org\/{rel}","templated":true}]}}