{"id":4672,"date":"2015-06-04T07:17:43","date_gmt":"2015-06-04T07:17:43","guid":{"rendered":"https:\/\/stuebi-hamburg.de\/stadtteilschule\/?page_id=4672"},"modified":"2021-03-16T20:40:28","modified_gmt":"2021-03-16T19:40:28","slug":"informationen","status":"publish","type":"page","link":"https:\/\/stuebi-hamburg.de\/stadtteilschule\/bildungswege\/eingangsstufe\/informationen\/","title":{"rendered":"Informationen Jg. 5 &#8211; 10"},"content":{"rendered":"<p><strong>Jahrgang 5\/6:<\/strong> Wir setzen nicht voraus, wir schaffen Grundlagen,<br \/>um allen Sch\u00fclern der Stadtteilschule ein zunehmend selbstst\u00e4ndigeres und eigenverantwortliches Lernen zu erm\u00f6glichen, damit sie ihrem Leistungsverm\u00f6gen entsprechend, den h\u00f6chstm\u00f6glichen Schulabschluss erreichen.<br \/>Neben dem Vermitteln von Wissen liegen unsere Schwerpunkte in den Bereichen<\/p>\n<ul style=\"list-style-type: disc\">\n<li>Der Arbeitsorganisation durch die Arbeit mit dem Logbuch: Wie organisiere ich meinen Lernprozess?<\/li>\n<li>Arbeitsmethoden \/ Arbeitstechniken: Das Lernen lernen: Wie lerne ich effektiv Vokabeln \/ Lesemethoden, wie gestalte ich Plakate<\/li>\n<li>Kooperative Arbeitsformen: Wie arbeite ich ergebnisorientiert mit anderen zusammen?<\/li>\n<\/ul>\n<p>Diese Grundlagen vermitteln wir in allen Unterrichtsf\u00e4chern und Lernbereichen. In von Klassen- und \/ oder Fachlehrern begleiteten Lernzeiten haben die Sch\u00fclerinnen und Sch\u00fcler in der Schule Gelegenheit an Unterrichtsinhalten die erworbenen Kenntnisse anzuwenden.<\/p>\n<p>&#8211; Einschulungsnachmittag (Wichtige Informationen noch vor den Sommerferien)<br \/>&#8211; Starterwoche (Wir lernen die Schule, unsere Mitsch\u00fclerinnen und Lehrkr\u00e4fte kennen)<br \/>&#8211; LEG im November und Januar<br \/>&#8211; Klassenreise zur F\u00f6rderung der Klassengemeinschaft<br \/>&#8211; HVV Projekt<br \/>&#8211; Fahrradprojekt<br \/>&#8211; Fachbezogene Projekte wie Lesewoche \/ Mathetage \/ Kunsttage<br \/>&#8211; Projekte im Bereich soziales Lernen<br \/>&#8211; Sporttage (Tag des Judo \/ Turniere \/ Sumoturnier \/ Lauftage ( Inselparklauf \/ Insellauf)<br \/>&#8211; MINT Tag<br \/>&#8211; Girl\u00b4s und Boy\u00b4s DAY<br \/>&#8211; Angebot: 2. Fremdsprache als Schnupperkurs<\/p>\n\n\n<div style=\"height:20px\" aria-hidden=\"true\" class=\"wp-block-spacer\"><\/div>\n\n\n\n<p><strong>In den Jahrg\u00e4ngen 7\/8<\/strong> vertiefen die Sch\u00fcler ihre erworbenen Kenntnisse und kommen ihren pers\u00f6nlichen Neigungen und Interessen durch vielseitige Angebote im Technik-, Wahlpflicht und Neigungsbereich auf die Spur. So k\u00f6nnen die Sch\u00fcler zum Beispiel ab der 7. Klasse eine zweite Fremdsprache \u2013 Franz\u00f6sisch, T\u00fcrkisch oder Spanisch \u2013 beginnen bzw. weiterf\u00fchren, sollte ihr Kind diese Sprache schon am Gymnasium begonnen haben.<\/p>\n\n\n\n<p>Wir beginnen jedes Schuljahr mit zwei neuen 7.ten Klassen. Wie auch in den ersten Wochen der neuen f\u00fcnften Klassen, legen wir gro\u00dfen Wert auf die F\u00f6rderung eines positiven sozialen Miteinanders in den neuen 7.ten Klassen. Unser BOB Team (Beratung, Orientierung, Begleitung) f\u00fchrt Startertage durch und in der Woche vor den Herbstferien, fahren die beiden Klassen auf eine Kennlernreise in eines unserer zwei Schullandheime.<\/p>\n\n\n\n<p>Ab Klasse 8 r\u00fcckt die Berufsorientierung (BO) verst\u00e4rkt in den Fokus. Die Klassen dieses Jahrganges nehmen regelm\u00e4\u00dfig an Berufsfindungstagen f\u00fcr M\u00e4dchen, Kompetenzanalysen und Werkstatttagen teil. Und auch eine der zwei Projektwochen im Schuljahr, werden im Jahrgang 8 der Berufsinformation gewidmet. Ziel des Faches Arbeit &amp; Beruf ist dann auch die Vorbereitung des Praktikums in 9 und des Praxislernentages, der ebenfalls in 9 stattfindet.<\/p>\n\n\n\n<div style=\"height:20px\" aria-hidden=\"true\" class=\"wp-block-spacer\"><\/div>\n\n\n\n<p><strong>In den Jahrg\u00e4ngen 9 und 10<\/strong> der Stadtteilschule St\u00fcbenhofer Weg werden ca. 220 Sch\u00fclerinnen und Sch\u00fcler unterrichtet. Sie verteilen sich im Schuljahr 2016\/17 auf 9 Klassen. Das oberste Ziel unserer Arbeit in diesen Jahrg\u00e4ngen ist es, qualifizierte Abschl\u00fcsse zu erlangen und Anschlusschancen f\u00fcr unsere Sch\u00fclerinnen und Sch\u00fcler zu erm\u00f6glichen.<\/p>\n\n\n\n<p>Die F\u00e4higkeiten und Kompetenzen unserer Sch\u00fclerinnen und Sch\u00fcler wahrzunehmen und diese zu f\u00f6rdern und zu fordern, sehen wir als unsere Hauptaufgabe an. Deswegen legen wir in den Jahrg\u00e4ngen 9 und 10 einen Schwerpunkt auf das Sammeln von praktischen und beruflichen Erfahrungen. Dazu beginnen die Sch\u00fclerinnen und Sch\u00fcler das Schuljahr in Jahrgang 9 und 10 mit einem zweiw\u00f6chigen Praktikum. Anschlie\u00dfend folgt jeden Mittwoch der Praxislerntag in Betreiben oder in unseren Sch\u00fclerfirmen und Sch\u00fclerprojekten an unserer Schule.<\/p>\n\n\n\n<p>Waren in den Jahrg\u00e4ngen 7 und 8 noch die Beziehungsarbeit in den Klassen und das Entdecken der eigenen St\u00e4rken wesentliche Aspekte von Schule, treten nun Leistungsbereitschaft, Selbstverantwortung und Motivation st\u00e4rker in den Vordergrund. Trotzdem fehlen weder die Klassenreisen noch die Schul- oder Sportfeste. Mit einem feierlichen Abschluss und Zeugnis\u00fcbergabe am Ende der 10 Klasse endet die Zeit in der Mittelstufe.<\/p>\n","protected":false},"excerpt":{"rendered":"<p>Jahrgang 5\/6: Wir setzen nicht voraus, wir schaffen Grundlagen,um allen Sch\u00fclern der Stadtteilschule ein zunehmend selbstst\u00e4ndigeres und eigenverantwortliches Lernen zu erm\u00f6glichen, damit sie ihrem Leistungsverm\u00f6gen entsprechend, den h\u00f6chstm\u00f6glichen Schulabschluss erreichen.Neben dem Vermitteln von Wissen liegen unsere Schwerpunkte in den Bereichen &hellip; <a href=\"https:\/\/stuebi-hamburg.de\/stadtteilschule\/bildungswege\/eingangsstufe\/informationen\/\">Weiterlesen <span class=\"meta-nav\">&rarr;<\/span><\/a><\/p>\n","protected":false},"author":10,"featured_media":0,"parent":4660,"menu_order":0,"comment_status":"closed","ping_status":"closed","template":"","meta":[],"_links":{"self":[{"href":"https:\/\/stuebi-hamburg.de\/stadtteilschule\/wp-json\/wp\/v2\/pages\/4672"}],"collection":[{"href":"https:\/\/stuebi-hamburg.de\/stadtteilschule\/wp-json\/wp\/v2\/pages"}],"about":[{"href":"https:\/\/stuebi-hamburg.de\/stadtteilschule\/wp-json\/wp\/v2\/types\/page"}],"author":[{"embeddable":true,"href":"https:\/\/stuebi-hamburg.de\/stadtteilschule\/wp-json\/wp\/v2\/users\/10"}],"replies":[{"embeddable":true,"href":"https:\/\/stuebi-hamburg.de\/stadtteilschule\/wp-json\/wp\/v2\/comments?post=4672"}],"version-history":[{"count":9,"href":"https:\/\/stuebi-hamburg.de\/stadtteilschule\/wp-json\/wp\/v2\/pages\/4672\/revisions"}],"predecessor-version":[{"id":10342,"href":"https:\/\/stuebi-hamburg.de\/stadtteilschule\/wp-json\/wp\/v2\/pages\/4672\/revisions\/10342"}],"up":[{"embeddable":true,"href":"https:\/\/stuebi-hamburg.de\/stadtteilschule\/wp-json\/wp\/v2\/pages\/4660"}],"wp:attachment":[{"href":"https:\/\/stuebi-hamburg.de\/stadtteilschule\/wp-json\/wp\/v2\/media?parent=4672"}],"curies":[{"name":"wp","href":"https:\/\/api.w.org\/{rel}","templated":true}]}}