{"id":4676,"date":"2015-06-04T07:18:42","date_gmt":"2015-06-04T07:18:42","guid":{"rendered":"https:\/\/stuebi-hamburg.de\/stadtteilschule\/?page_id=4676"},"modified":"2022-01-30T21:59:52","modified_gmt":"2022-01-30T20:59:52","slug":"profiloberstufe-ab-jg-12","status":"publish","type":"page","link":"https:\/\/stuebi-hamburg.de\/stadtteilschule\/bildungswege\/oberstufe\/profiloberstufe-ab-jg-12\/","title":{"rendered":"Profiloberstufe ab Jg. 12"},"content":{"rendered":"\n<div style=\"height:20px\" aria-hidden=\"true\" class=\"wp-block-spacer\"><\/div>\n\n\n\n<p>Die Profiloberstufe ab Jg. 12 ist eine gemeinsame gymnasiale Oberstufe der beiden Stadtteilschulen St\u00fcbenhofer Weg und Wilhelmsburg. Profile wie <span style=\"color:#0071a1\" class=\"tadv-color\">FairPlay<\/span>, <span style=\"color:#000000\" class=\"tadv-color\">mein<\/span><span style=\"color:#0071a1\" class=\"tadv-color\"> Start-Up<\/span>, <span style=\"color:#0071a1\" class=\"tadv-color\">Global Challenges<\/span> oder <span style=\"color:#0071a1\" class=\"tadv-color\">Welt im Wandel<\/span> stehen zur Wahl und sind von aktuell gesellschaftspolitischer Brisanz. Sie st\u00e4rken die Mitsprache-, Kritik- und Handlungsf\u00e4higkeit der Oberstufensch\u00fcler\/innen.&nbsp;<\/p>\n\n\n\n<p>Der Profilwahlbogen zum Download: <a href=\"https:\/\/stuebi-hamburg.de\/stadtteilschule\/wp-content\/blogs.dir\/2\/files\/2022\/01\/Profilwahlbogen-22_23.pdf\">Profilwahlbogen.pdf<\/a><\/p>\n\n\n\n<div style=\"height:20px\" aria-hidden=\"true\" class=\"wp-block-spacer\"><\/div>\n\n\n\n<h2>Profile der gemeinsamen Oberstufe in Wilhelmsburg (OSW)<\/h2>\n\n\n\n<div style=\"height:20px\" aria-hidden=\"true\" class=\"wp-block-spacer\"><\/div>\n\n\n\n<div class=\"wp-block-columns\">\n<div class=\"wp-block-column\">\n<h3 class=\"has-text-align-center\"><span style=\"color:#0071a1\" class=\"tadv-color\">Oberstufe STS Wilhelmsburg<\/span><\/h3>\n\n\n\n<div style=\"height:10px\" aria-hidden=\"true\" class=\"wp-block-spacer\"><\/div>\n\n\n\n<div class=\"wp-block-columns\">\n<div class=\"wp-block-column\" style=\"flex-basis:100%\">\n<div class=\"wp-block-group has-background\" style=\"background-color:#f6f6f6\"><div class=\"wp-block-group__inner-container\">\n<div style=\"height:15px\" aria-hidden=\"true\" class=\"wp-block-spacer\"><\/div>\n\n\n\n<figure class=\"wp-block-image size-large is-style-default\"><img loading=\"lazy\" width=\"1618\" height=\"1080\" src=\"https:\/\/stuebi-hamburg.de\/stadtteilschule\/wp-content\/blogs.dir\/2\/files\/2021\/02\/pexels-photo-408503-1618x1080.jpg\" alt=\"\" class=\"wp-image-10101\" srcset=\"https:\/\/stuebi-hamburg.de\/stadtteilschule\/wp-content\/blogs.dir\/2\/files\/2021\/02\/pexels-photo-408503-1618x1080.jpg 1618w, https:\/\/stuebi-hamburg.de\/stadtteilschule\/wp-content\/blogs.dir\/2\/files\/2021\/02\/pexels-photo-408503-658x440.jpg 658w, https:\/\/stuebi-hamburg.de\/stadtteilschule\/wp-content\/blogs.dir\/2\/files\/2021\/02\/pexels-photo-408503-1536x1025.jpg 1536w, https:\/\/stuebi-hamburg.de\/stadtteilschule\/wp-content\/blogs.dir\/2\/files\/2021\/02\/pexels-photo-408503.jpg 1880w\" sizes=\"(max-width: 1618px) 100vw, 1618px\" \/><figcaption><sub>Photo by slon_dot_pics on&nbsp;Pexels.com<\/sub><\/figcaption><\/figure>\n\n\n\n<div style=\"height:10px\" aria-hidden=\"true\" class=\"wp-block-spacer\"><\/div>\n\n\n\n<h2 class=\"has-text-align-center\"><strong><span style=\"color:#3a484e\" class=\"tadv-color\">Global Challenges \u2013<\/span><\/strong><br><strong><span style=\"color:#3a484e\" class=\"tadv-color\"> think global, act local!<\/span><\/strong><\/h2>\n\n\n\n<div style=\"height:15px\" aria-hidden=\"true\" class=\"wp-block-spacer\"><\/div>\n\n\n\n<p>\u00dcbernimm Verantwortung und erkenne die globalen Zusammenh\u00e4nge, denn&nbsp;dein Handeln macht den Unterschied.<\/p>\n\n\n\n<p>   <strong>Kernf\u00e4cher&nbsp;(D, Ma, E)<\/strong><br>   \u2022 jeweils 4h<br>   \u2022 2 davon auf eA<\/p>\n\n\n\n<p>   <strong>Profilgebende F\u00e4cher <\/strong><br>   \u2022 Biologie (4h eA)<\/p>\n\n\n\n<p>   <strong>Profilbegleitende F\u00e4cher &nbsp;<\/strong><br>   \u2022 PGW&nbsp;(4h eA)<br>   \u2022 Philosophie&nbsp;(2h eA)<br>   \u2022 Seminar<\/p>\n\n\n\n<p>   <strong>Wahlpflicht aus den Bereichen<\/strong><br>   \u2022 Gesellschaftswissenschaften (Psychologie)<br>   \u2022 Naturwissenschaften<br>   \u2022 K\u00fcnste<\/p>\n<\/div><\/div>\n<\/div>\n<\/div>\n<\/div>\n\n\n\n<div class=\"wp-block-column\">\n<h3 class=\"has-text-align-center\"><span style=\"color:#0071a1\" class=\"tadv-color\">Oberstufe St\u00fcbenhofer Weg<\/span><\/h3>\n\n\n\n<div style=\"height:10px\" aria-hidden=\"true\" class=\"wp-block-spacer\"><\/div>\n\n\n\n<div class=\"wp-block-columns\">\n<div class=\"wp-block-column\" style=\"flex-basis:100%\">\n<div class=\"wp-block-group has-background\" style=\"background-color:#f1fbff\"><div class=\"wp-block-group__inner-container\">\n<div style=\"height:15px\" aria-hidden=\"true\" class=\"wp-block-spacer\"><\/div>\n\n\n\n<figure class=\"wp-block-image size-large is-style-default\"><img loading=\"lazy\" width=\"1620\" height=\"1080\" src=\"https:\/\/stuebi-hamburg.de\/stadtteilschule\/wp-content\/blogs.dir\/2\/files\/2021\/02\/pexels-photo-5384623-1-1620x1080.jpg\" alt=\"\" class=\"wp-image-10037\" srcset=\"https:\/\/stuebi-hamburg.de\/stadtteilschule\/wp-content\/blogs.dir\/2\/files\/2021\/02\/pexels-photo-5384623-1-1620x1080.jpg 1620w, https:\/\/stuebi-hamburg.de\/stadtteilschule\/wp-content\/blogs.dir\/2\/files\/2021\/02\/pexels-photo-5384623-1-658x440.jpg 658w, https:\/\/stuebi-hamburg.de\/stadtteilschule\/wp-content\/blogs.dir\/2\/files\/2021\/02\/pexels-photo-5384623-1-1536x1024.jpg 1536w, https:\/\/stuebi-hamburg.de\/stadtteilschule\/wp-content\/blogs.dir\/2\/files\/2021\/02\/pexels-photo-5384623-1.jpg 1880w\" sizes=\"(max-width: 1620px) 100vw, 1620px\" \/><figcaption><sub>Photo by Gabby K on&nbsp;Pexels.com<\/sub><\/figcaption><\/figure>\n\n\n\n<div style=\"height:10px\" aria-hidden=\"true\" class=\"wp-block-spacer\"><\/div>\n\n\n\n<div style=\"height:15px\" aria-hidden=\"true\" class=\"wp-block-spacer\"><\/div>\n\n\n\n<h2 class=\"has-text-align-center has-text-color\" style=\"color:#3a484e\"><strong><span style=\"color:#3a484e\" class=\"tadv-color\">Fairplay<\/span><\/strong><br><br><\/h2>\n\n\n\n<p>Lerne Fairplay nicht nur im Sport, sondern auch in der Gesellschaft und der Natur gegen\u00fcber.<br><br><\/p>\n\n\n\n<p><strong>Kernf\u00e4cher&nbsp;(D, Ma, E)<\/strong><br>\u2022 jeweils 4h<br>\u2022 2 davon auf eA<\/p>\n\n\n\n<p><strong>Profilgebende F\u00e4cher (4h eA)<\/strong><br>\u2022 Sport<br>\u2022 PGW<\/p>\n\n\n\n<p><strong>Profilbegleitende F\u00e4cher (2h gA)&nbsp;<\/strong><br>\u2022 Biologie<br>\u2022 Seminar<\/p>\n\n\n\n<p><strong>Wahlpflicht aus den Bereichen<\/strong><br>\u2022 Gesellschaftswissenschaften (Psychologie)<br>\u2022 Naturwissenschaften<br>\u2022 K\u00fcnste<\/p>\n<\/div><\/div>\n<\/div>\n<\/div>\n<\/div>\n<\/div>\n\n\n\n<div class=\"wp-block-columns\">\n<div class=\"wp-block-column\">\n<h3 class=\"has-text-align-center\"><span style=\"color:#0071a1\" class=\"tadv-color\">Oberstufe STS Wilhelmsburg<\/span><\/h3>\n\n\n\n<div class=\"wp-block-columns\">\n<div class=\"wp-block-column\" style=\"flex-basis:100%\">\n<div class=\"wp-block-group has-background\" style=\"background-color:#f6f6f6\"><div class=\"wp-block-group__inner-container\">\n<div style=\"height:15px\" aria-hidden=\"true\" class=\"wp-block-spacer\"><\/div>\n\n\n\n<figure class=\"wp-block-image size-large is-style-default\"><img loading=\"lazy\" width=\"1620\" height=\"1080\" src=\"https:\/\/stuebi-hamburg.de\/stadtteilschule\/wp-content\/blogs.dir\/2\/files\/2022\/01\/179033-1-1620x1080.jpg\" alt=\"\" class=\"wp-image-11965\" srcset=\"https:\/\/stuebi-hamburg.de\/stadtteilschule\/wp-content\/blogs.dir\/2\/files\/2022\/01\/179033-1-1620x1080.jpg 1620w, https:\/\/stuebi-hamburg.de\/stadtteilschule\/wp-content\/blogs.dir\/2\/files\/2022\/01\/179033-1-658x440.jpg 658w, https:\/\/stuebi-hamburg.de\/stadtteilschule\/wp-content\/blogs.dir\/2\/files\/2022\/01\/179033-1-1536x1024.jpg 1536w, https:\/\/stuebi-hamburg.de\/stadtteilschule\/wp-content\/blogs.dir\/2\/files\/2022\/01\/179033-1-2048x1365.jpg 2048w\" sizes=\"(max-width: 1620px) 100vw, 1620px\" \/><figcaption><sub>Photo by Artem Beliaikin on&nbsp;Pexels.com<\/sub><\/figcaption><\/figure>\n\n\n\n<div style=\"height:10px\" aria-hidden=\"true\" class=\"wp-block-spacer\"><\/div>\n\n\n\n<h2 class=\"has-text-align-center\"><strong><span style=\"color:#3a484e\" class=\"tadv-color\">Welt im Wandel<\/span><\/strong><\/h2>\n\n\n\n<div style=\"height:15px\" aria-hidden=\"true\" class=\"wp-block-spacer\"><\/div>\n\n\n\n<p>Wie wird sich die Welt ver\u00e4ndern und wie positionierst du dich zu aktuellen Diskussionen wie Identit\u00e4t, Klima etc.<\/p>\n\n\n\n<p>   <strong>Kernf\u00e4cher&nbsp;(D, Ma, E)<\/strong><br>   \u2022 jeweils 4h<br>   \u2022 2 davon auf eA<\/p>\n\n\n\n<p>   <strong>Profilgebende F\u00e4cher <\/strong><br>   \u2022 PGW (4h eA)<\/p>\n\n\n\n<p>   <strong>Profilbegleitende F\u00e4cher &nbsp;<\/strong><br>   \u2022 Theater&nbsp;(4h eA)<br>   \u2022 Biologie&nbsp;(2h eA)<br>   \u2022 Seminar<\/p>\n\n\n\n<p>   <strong>Wahlpflicht aus den Bereichen<\/strong><br>   \u2022 Gesellschaftswissenschaften (Psychologie)<br>   \u2022 Naturwissenschaften<br>   \u2022 K\u00fcnste<\/p>\n\n\n\n<div style=\"height:10px\" aria-hidden=\"true\" class=\"wp-block-spacer\"><\/div>\n<\/div><\/div>\n<\/div>\n<\/div>\n<\/div>\n\n\n\n<div class=\"wp-block-column\">\n<h3 class=\"has-text-align-center\" id=\"block-607bf063-4024-42cf-90bd-d386e4e57754\"><span style=\"color:#0071a1\" class=\"tadv-color\">Oberstufe St\u00fcbenhofer Weg<\/span><\/h3>\n\n\n\n<div class=\"wp-block-columns\">\n<div class=\"wp-block-column\" style=\"flex-basis:100%\">\n<div class=\"wp-block-group has-background\" style=\"background-color:#f1fbff\"><div class=\"wp-block-group__inner-container\">\n<div style=\"height:15px\" aria-hidden=\"true\" class=\"wp-block-spacer\"><\/div>\n\n\n\n<figure class=\"wp-block-image size-large is-style-default\"><img loading=\"lazy\" width=\"1620\" height=\"1080\" src=\"https:\/\/stuebi-hamburg.de\/stadtteilschule\/wp-content\/blogs.dir\/2\/files\/2022\/01\/713913-1620x1080.jpg\" alt=\"\" class=\"wp-image-11959\" srcset=\"https:\/\/stuebi-hamburg.de\/stadtteilschule\/wp-content\/blogs.dir\/2\/files\/2022\/01\/713913-1620x1080.jpg 1620w, https:\/\/stuebi-hamburg.de\/stadtteilschule\/wp-content\/blogs.dir\/2\/files\/2022\/01\/713913-658x440.jpg 658w, https:\/\/stuebi-hamburg.de\/stadtteilschule\/wp-content\/blogs.dir\/2\/files\/2022\/01\/713913-1536x1024.jpg 1536w, https:\/\/stuebi-hamburg.de\/stadtteilschule\/wp-content\/blogs.dir\/2\/files\/2022\/01\/713913-2048x1365.jpg 2048w\" sizes=\"(max-width: 1620px) 100vw, 1620px\" \/><figcaption><sub>Photo by Rodnae Productions on&nbsp;Pexels.com<\/sub><\/figcaption><\/figure>\n\n\n\n<div style=\"height:10px\" aria-hidden=\"true\" class=\"wp-block-spacer\"><\/div>\n\n\n\n<div style=\"height:5px\" aria-hidden=\"true\" class=\"wp-block-spacer\"><\/div>\n\n\n\n<h2 class=\"has-text-align-center has-text-color\" style=\"color:#3a484e\"><strong>Mein Start-Up \u2013 jetzt oder nie!<\/strong><br><\/h2>\n\n\n\n<div style=\"height:10px\" aria-hidden=\"true\" class=\"wp-block-spacer\"><\/div>\n\n\n\n<p>Gr\u00fcnde dein Start-Up und gehe die Schritte zum Erfolg: Von der Gesch\u00e4ftsidee bis zum Ent-wicklungs- und Finanzierungskonzept.<br><br><strong>Kernf\u00e4cher&nbsp;(D, Ma, E)<\/strong><br>\u2022 jeweils 4h<br>\u2022 2 davon auf eA<\/p>\n\n\n\n<p><strong>Profilgebende F\u00e4cher (4h eA)<\/strong><br>\u2022 Wirtschaft<br>\u2022 PGW<\/p>\n\n\n\n<p><strong>Profilbegleitende F\u00e4cher (2h gA)&nbsp;<\/strong><br>\u2022 Chemie<br>\u2022 Seminar<\/p>\n\n\n\n<p><strong>Wahlpflicht aus den Bereichen<\/strong><br>\u2022 Gesellschaftswissenschaften (Psychologie)<br>\u2022 Naturwissenschaften<br>\u2022 K\u00fcnste<\/p>\n<\/div><\/div>\n<\/div>\n<\/div>\n<\/div>\n<\/div>\n\n\n\n<div class=\"wp-block-columns\"><\/div>\n\n\n\n<hr class=\"wp-block-separator\" \/>\n\n\n\n<h2>Oberstufenprofil St\u00fcbenhofer Weg<\/h2>\n\n\n\n<div style=\"height:10px\" aria-hidden=\"true\" class=\"wp-block-spacer\"><\/div>\n\n\n\n<div style=\"height:10px\" aria-hidden=\"true\" class=\"wp-block-spacer\"><\/div>\n\n\n\n<div class=\"wp-block-group\"><div class=\"wp-block-group__inner-container\">\n<figure class=\"wp-block-image size-full\"><img loading=\"lazy\" width=\"1880\" height=\"1253\" src=\"https:\/\/stuebi-hamburg.de\/stadtteilschule\/wp-content\/blogs.dir\/2\/files\/2021\/02\/pexels-photo-5384623-1.jpg\" alt=\"\" class=\"wp-image-10037\" srcset=\"https:\/\/stuebi-hamburg.de\/stadtteilschule\/wp-content\/blogs.dir\/2\/files\/2021\/02\/pexels-photo-5384623-1.jpg 1880w, https:\/\/stuebi-hamburg.de\/stadtteilschule\/wp-content\/blogs.dir\/2\/files\/2021\/02\/pexels-photo-5384623-1-658x440.jpg 658w, https:\/\/stuebi-hamburg.de\/stadtteilschule\/wp-content\/blogs.dir\/2\/files\/2021\/02\/pexels-photo-5384623-1-1620x1080.jpg 1620w, https:\/\/stuebi-hamburg.de\/stadtteilschule\/wp-content\/blogs.dir\/2\/files\/2021\/02\/pexels-photo-5384623-1-1536x1024.jpg 1536w\" sizes=\"(max-width: 1880px) 100vw, 1880px\" \/><figcaption>Photo by Gabby K. on&nbsp;Pexels.com<\/figcaption><\/figure>\n\n\n\n<div style=\"height:20px\" aria-hidden=\"true\" class=\"wp-block-spacer\"><\/div>\n\n\n\n<h2><strong><span style=\"color:#3a484e\" class=\"tadv-color\">Fairplay<\/span><\/strong><\/h2>\n\n\n\n<div style=\"height:10px\" aria-hidden=\"true\" class=\"wp-block-spacer\"><\/div>\n\n\n\n<p><strong>Fairness als Lebensmotto<\/strong><\/p>\n\n\n\n<p>Bei uns steht Fairness im Fokus unseres Oberstufenprofils. Dabei wird der Blick sowohl auf sich selbst gelegt, indem man seinem K\u00f6rper gegen\u00fcber \u201efair\u201c ist. Dabei erh\u00e4lt man in der Sportpraxis einen \u00dcberblick \u00fcber unterschiedliche Sportarten, damit man gesund und aktiv durch das Leben gehen kann. In der Sporttheorie wird das praktische Lernen mit theoretischen Grundlagen unterlegt. Fairness ist allerdings nicht nur in Gruppensportarten wichtig, sondern auch in gesellschaftlichen Zusammenh\u00e4ngen. <br><br>Wie ist unsere Gesellschaft und Wirtschaft aktuell aufgebaut und welche Strukturen kommen in ihr vor? Sind diese Strukturen wirklich fair? Was kann man tun, um diese zu ver\u00e4ndern? Auch die Fairness gegen\u00fcber der Natur steht im Beifach Biologie im Fokus. Die Zukunft muss gestaltet werden und daf\u00fcr wollen wir euch im \u201eFairplay\u201c-Profil fit machen.&nbsp;<\/p>\n\n\n\n<div style=\"height:20px\" aria-hidden=\"true\" class=\"wp-block-spacer\"><\/div>\n\n\n\n<p><strong>Damit sind u.a. folgende Inhalte verbunden:<\/strong><\/p>\n\n\n\n<ul><li>Kennenlernen von Team- und Einzelsportarten&nbsp;<\/li><li>Gesunde Ern\u00e4hrung<\/li><li>Team- und Kommunikationsf\u00e4higkeit<\/li><li>Anstrengungs- und Risikobereitschaft<\/li><li>Fairness und R\u00fccksichtnahme gegen\u00fcber anderen und sich selbst<\/li><li>Auseinandersetzung mit dem Thema internationale Konflikte&nbsp;<\/li><li>Die Macht der unterschiedlichen Medien verstehen und nutzen k\u00f6nnen.&nbsp;<\/li><li>Die Zusammenh\u00e4nge zwischen den Menschen und seiner Umwelt verstehen.&nbsp;<\/li><\/ul>\n\n\n\n<div style=\"height:20px\" aria-hidden=\"true\" class=\"wp-block-spacer\"><\/div>\n\n\n\n<p><strong>Uns ist die Verzahnung von Theorie und Praxis und ein f\u00e4cher\u00fcbergreifender Unterricht wichtig<\/strong><\/p>\n\n\n\n<p>Daher steht Folgendes im Fokus:<\/p>\n\n\n\n<ul><li>Teilnahme an Sportwettk\u00e4mpfen<\/li><li>Planung und Durchf\u00fchrung von Sportevents<\/li><li>Rolle des Einzelnen in gesellschaftlichen Systemen&nbsp;<\/li><li>Konflikte im Gro\u00dfen und Kleinen &#8211; Wer sie versteht, kann sie umgehen.&nbsp;<\/li><li>Medienkunde &#8211; nutzt man sie oder l\u00e4sst man sich manipulieren?&nbsp;<\/li><li>Rolle des Einzelnen im biologischen Zusammenhang (\u00f6kologische Teilnahme)&nbsp;<\/li><li>Genmanipulation von Organismen \u2013 Rettung oder Untergang der Welt?<\/li><li>Berufs- und Studienorientierung durch die regelm\u00e4\u00dfige Teilnahme an individuell passenden Informationsveranstaltungen&nbsp;<\/li><\/ul>\n\n\n\n<hr class=\"wp-block-separator\" \/>\n<\/div><\/div>\n\n\n\n<div class=\"wp-block-group\"><div class=\"wp-block-group__inner-container\">\n<figure class=\"wp-block-image size-large\"><img loading=\"lazy\" width=\"1620\" height=\"1080\" src=\"https:\/\/stuebi-hamburg.de\/stadtteilschule\/wp-content\/blogs.dir\/2\/files\/2022\/01\/713913-1620x1080.jpg\" alt=\"\" class=\"wp-image-11959\" srcset=\"https:\/\/stuebi-hamburg.de\/stadtteilschule\/wp-content\/blogs.dir\/2\/files\/2022\/01\/713913-1620x1080.jpg 1620w, https:\/\/stuebi-hamburg.de\/stadtteilschule\/wp-content\/blogs.dir\/2\/files\/2022\/01\/713913-658x440.jpg 658w, https:\/\/stuebi-hamburg.de\/stadtteilschule\/wp-content\/blogs.dir\/2\/files\/2022\/01\/713913-1536x1024.jpg 1536w, https:\/\/stuebi-hamburg.de\/stadtteilschule\/wp-content\/blogs.dir\/2\/files\/2022\/01\/713913-2048x1365.jpg 2048w\" sizes=\"(max-width: 1620px) 100vw, 1620px\" \/><figcaption>Photo by Rodnae Productions on&nbsp;Pexels.com<\/figcaption><\/figure>\n\n\n\n<div style=\"height:20px\" aria-hidden=\"true\" class=\"wp-block-spacer\"><\/div>\n\n\n\n<h2><strong><span style=\"color:#3a484e\" class=\"tadv-color\">Mein Start-Up \u2013 jetzt oder nie!<\/span><\/strong><\/h2>\n\n\n\n<div style=\"height:10px\" aria-hidden=\"true\" class=\"wp-block-spacer\"><\/div>\n\n\n\n<p><strong>Von der Gesch\u00e4ftsidee bis zum Realisierungskonzept des Start-Ups<\/strong><\/p>\n\n\n\n<p>Die Themenfelder, mit denen wir uns im Rahmen des Unterrichts im Profil auseinandersetzen, basieren auf dem Spannungsverh\u00e4ltnis zwischen der Wirtschaft, Politik, Gesellschaft und dem Menschen dahinter: Zum Beispiel die soziale Marktwirtschaft und Gerechtigkeit, Gesetze \u2013 national und international, Firmengr\u00fcndung und \u00f6konomische Verantwortung, chemische Prozesse im Kleinen und Gro\u00dfen, Marketing und Marktpsychologie. F\u00fcr die Auseinandersetzung mit diesen Bereichen braucht es mehr als nur die theoretische Perspektive. <\/p>\n\n\n\n<p>Um praktische Erfahrungen zusammen, wird bei uns allein oder im Team ein eigenes Start-Up aktiv gegr\u00fcndet und das damit verdiente Geld sowohl eigenn\u00fctzig (z. B. zur Finanzierung der Abi-Feier) als auch gemeinn\u00fctzig am Ende der Studienstufe ausgeben. Unsere Zielgruppe sind Sch\u00fclerinnen und Sch\u00fcler, die sich f\u00fcr das Thema Wirtschaft und Marketing interessieren und die sich in diesem Bereich praktisch ausprobieren wollen.&nbsp;<br><\/p>\n\n\n\n<div style=\"height:20px\" aria-hidden=\"true\" class=\"wp-block-spacer\"><\/div>\n\n\n\n<p><strong>Hier bieten wir viele M\u00f6glichkeiten:<\/strong><\/p>\n\n\n\n<ul><li>Unterst\u00fctzung bei der Gr\u00fcndung eines Start-Ups<\/li><li>Sammlung realer Erfahrungen im wirtschaftlichen Bereich (Marktanalyse\/Preiskalkulation\/Marketing\u2026)&nbsp;<\/li><li>Herstellung eines eigenen Produktes<\/li><li>Besuch von Wirtschaftsunternehmen<\/li><li>Politik live erleben \u2013 Besuch oder Live-Stream einer Hamburger B\u00fcrgerschaftssitzung oder Besuch des Deutschen Bundestages in Berlin<\/li><\/ul>\n\n\n\n<div style=\"height:20px\" aria-hidden=\"true\" class=\"wp-block-spacer\"><\/div>\n\n\n\n<p>Der Profilwahlbogen zum Download: <a href=\"https:\/\/stuebi-hamburg.de\/stadtteilschule\/wp-content\/blogs.dir\/2\/files\/2022\/01\/Profilwahlbogen-22_23.pdf\">Profilwahlbogen.pdf<\/a><\/p>\n\n\n\n<div style=\"height:20px\" aria-hidden=\"true\" class=\"wp-block-spacer\"><\/div>\n\n\n\n<hr class=\"wp-block-separator\" \/>\n<\/div><\/div>\n\n\n\n<div class=\"wp-block-group\"><div class=\"wp-block-group__inner-container\">\n<h2>Infomaterial<\/h2>\n\n\n\n<div style=\"height:10px\" aria-hidden=\"true\" class=\"wp-block-spacer\"><\/div>\n\n\n\n<div class=\"wp-block-columns\">\n<div class=\"wp-block-column\">\n<figure class=\"wp-block-image size-large is-style-default\"><img loading=\"lazy\" width=\"1527\" height=\"1080\" src=\"https:\/\/stuebi-hamburg.de\/stadtteilschule\/wp-content\/blogs.dir\/2\/files\/2021\/02\/Oberstufe_Flyer_Seite01-Kopie-1527x1080.png\" alt=\"\" class=\"wp-image-10074\" srcset=\"https:\/\/stuebi-hamburg.de\/stadtteilschule\/wp-content\/blogs.dir\/2\/files\/2021\/02\/Oberstufe_Flyer_Seite01-Kopie-1527x1080.png 1527w, https:\/\/stuebi-hamburg.de\/stadtteilschule\/wp-content\/blogs.dir\/2\/files\/2021\/02\/Oberstufe_Flyer_Seite01-Kopie-622x440.png 622w, https:\/\/stuebi-hamburg.de\/stadtteilschule\/wp-content\/blogs.dir\/2\/files\/2021\/02\/Oberstufe_Flyer_Seite01-Kopie-1536x1086.png 1536w, https:\/\/stuebi-hamburg.de\/stadtteilschule\/wp-content\/blogs.dir\/2\/files\/2021\/02\/Oberstufe_Flyer_Seite01-Kopie-2048x1448.png 2048w\" sizes=\"(max-width: 1527px) 100vw, 1527px\" \/><\/figure>\n<\/div>\n\n\n\n<div class=\"wp-block-column\">\n<figure class=\"wp-block-image size-large is-style-default\"><a href=\"https:\/\/stuebi-hamburg.de\/stadtteilschule\/wp-content\/blogs.dir\/2\/files\/2021\/02\/Oberstufe_Flyer.pdf\"><img loading=\"lazy\" width=\"1527\" height=\"1080\" src=\"https:\/\/stuebi-hamburg.de\/stadtteilschule\/wp-content\/blogs.dir\/2\/files\/2021\/02\/Oberstufe_Flyer_Seite02-Kopie-1527x1080.png\" alt=\"\" class=\"wp-image-10076\" srcset=\"https:\/\/stuebi-hamburg.de\/stadtteilschule\/wp-content\/blogs.dir\/2\/files\/2021\/02\/Oberstufe_Flyer_Seite02-Kopie-1527x1080.png 1527w, https:\/\/stuebi-hamburg.de\/stadtteilschule\/wp-content\/blogs.dir\/2\/files\/2021\/02\/Oberstufe_Flyer_Seite02-Kopie-622x440.png 622w, https:\/\/stuebi-hamburg.de\/stadtteilschule\/wp-content\/blogs.dir\/2\/files\/2021\/02\/Oberstufe_Flyer_Seite02-Kopie-1536x1086.png 1536w, https:\/\/stuebi-hamburg.de\/stadtteilschule\/wp-content\/blogs.dir\/2\/files\/2021\/02\/Oberstufe_Flyer_Seite02-Kopie-2048x1448.png 2048w\" sizes=\"(max-width: 1527px) 100vw, 1527px\" \/><\/a><\/figure>\n<\/div>\n<\/div>\n\n\n\n<div class=\"wp-block-columns\">\n<div class=\"wp-block-column\">\n<div class=\"wp-block-file\"><a href=\"https:\/\/stuebi-hamburg.de\/stadtteilschule\/wp-content\/blogs.dir\/2\/files\/2022\/01\/Flyer-Fairplay.pdf\">Flyer-Fairplay.pdf<\/a><\/div>\n\n\n\n<div class=\"wp-block-file\"><a href=\"https:\/\/stuebi-hamburg.de\/stadtteilschule\/wp-content\/blogs.dir\/2\/files\/2022\/01\/Flyer-Mein-Start-Up.pdf\">Flyer-Mein-Start-Up.pdf<\/a><\/div>\n<\/div>\n\n\n\n<div class=\"wp-block-column\"><\/div>\n<\/div>\n<\/div><\/div>\n\n\n\n<hr class=\"wp-block-separator\" \/>\n","protected":false},"excerpt":{"rendered":"<p>Die Profiloberstufe ab Jg. 12 ist eine gemeinsame gymnasiale Oberstufe der beiden Stadtteilschulen St\u00fcbenhofer Weg und Wilhelmsburg. Profile wie FairPlay, mein Start-Up, Global Challenges oder Welt im Wandel stehen zur Wahl und sind von aktuell gesellschaftspolitischer Brisanz. Sie st\u00e4rken die &hellip; <a href=\"https:\/\/stuebi-hamburg.de\/stadtteilschule\/bildungswege\/oberstufe\/profiloberstufe-ab-jg-12\/\">Weiterlesen <span class=\"meta-nav\">&rarr;<\/span><\/a><\/p>\n","protected":false},"author":10,"featured_media":0,"parent":4664,"menu_order":0,"comment_status":"closed","ping_status":"closed","template":"","meta":[],"_links":{"self":[{"href":"https:\/\/stuebi-hamburg.de\/stadtteilschule\/wp-json\/wp\/v2\/pages\/4676"}],"collection":[{"href":"https:\/\/stuebi-hamburg.de\/stadtteilschule\/wp-json\/wp\/v2\/pages"}],"about":[{"href":"https:\/\/stuebi-hamburg.de\/stadtteilschule\/wp-json\/wp\/v2\/types\/page"}],"author":[{"embeddable":true,"href":"https:\/\/stuebi-hamburg.de\/stadtteilschule\/wp-json\/wp\/v2\/users\/10"}],"replies":[{"embeddable":true,"href":"https:\/\/stuebi-hamburg.de\/stadtteilschule\/wp-json\/wp\/v2\/comments?post=4676"}],"version-history":[{"count":110,"href":"https:\/\/stuebi-hamburg.de\/stadtteilschule\/wp-json\/wp\/v2\/pages\/4676\/revisions"}],"predecessor-version":[{"id":12085,"href":"https:\/\/stuebi-hamburg.de\/stadtteilschule\/wp-json\/wp\/v2\/pages\/4676\/revisions\/12085"}],"up":[{"embeddable":true,"href":"https:\/\/stuebi-hamburg.de\/stadtteilschule\/wp-json\/wp\/v2\/pages\/4664"}],"wp:attachment":[{"href":"https:\/\/stuebi-hamburg.de\/stadtteilschule\/wp-json\/wp\/v2\/media?parent=4676"}],"curies":[{"name":"wp","href":"https:\/\/api.w.org\/{rel}","templated":true}]}}