{"id":4678,"date":"2015-06-04T07:19:09","date_gmt":"2015-06-04T07:19:09","guid":{"rendered":"https:\/\/stuebi-hamburg.de\/stadtteilschule\/?page_id=4678"},"modified":"2026-02-10T18:28:27","modified_gmt":"2026-02-10T17:28:27","slug":"vorstufe-jg-11","status":"publish","type":"page","link":"https:\/\/stuebi-hamburg.de\/stadtteilschule\/bildungswege\/oberstufe\/vorstufe-jg-11\/","title":{"rendered":"Vorstufe Jg. 11"},"content":{"rendered":"\n<div style=\"height:20px\" aria-hidden=\"true\" class=\"wp-block-spacer\"><\/div>\n\n\n\n<div style=\"height:10px\" aria-hidden=\"true\" class=\"wp-block-spacer\"><\/div>\n\n\n\n<div class=\"wp-block-group\"><div class=\"wp-block-group__inner-container\">\n<h2>Anmeldezeitraum <\/h2>\n\n\n\n<div style=\"height:20px\" aria-hidden=\"true\" class=\"wp-block-spacer\"><\/div>\n\n\n\n<p><strong>Die Anmeldung f\u00fcr die Vorstufe im Schuljahr 26\/27 erfolgt im Zeitraum <br>vom 01.02.2026 \u2013 31.03.2026.<\/strong><\/p>\n\n\n\n<p>F\u00fcr die Anmeldung werden folgende Unterlagen ben\u00f6tigt:&nbsp;<\/p>\n\n\n\n<ul>\n<li>Anmeldebogen: <a href=\"https:\/\/stuebi-hamburg.de\/stadtteilschule\/wp-content\/blogs.dir\/2\/files\/2026\/02\/2026-2027-Anmeldung-Wahlbogen-Klasse-11.pdf\">Anmeldung-Vorstufe.pdf<\/a><\/li>\n<li>Zeugniskopie des 1. Halbjahres (nur f\u00fcr externe Anmeldungen)<\/li>\n<li>Meldebescheinigung (nur f\u00fcr externe Anmeldungen)<\/li>\n<\/ul>\n\n\n\n<p>Die Best\u00e4tigung der Anmeldung wird ab dem 01.04.2026 versendet. Eine endg\u00fcltige Zusage erfolgt nach dem erfolgreichen MSA-Abschluss.&nbsp;<\/p>\n\n\n<\/div><\/div>\n\n\n\n<div class=\"wp-block-columns\"><\/div>\n\n\n\n<hr class=\"wp-block-separator\" \/>\n\n\n\n<p><\/p>\n\n\n\n<div class=\"wp-block-media-text alignwide has-very-light-gray-background-color is-stacked-on-mobile is-vertically-aligned-center is-image-fill\" style=\"grid-template-columns:39% auto\"><figure class=\"wp-block-media-text__media\" style=\"background-image:url(https:\/\/stuebi-hamburg.de\/stadtteilschule\/wp-content\/blogs.dir\/2\/files\/2020\/12\/\u00e4ltere-Sch\u00fcler-720x1080.jpg);background-position:50% 50%\"><img loading=\"lazy\" width=\"720\" height=\"1080\" src=\"https:\/\/stuebi-hamburg.de\/stadtteilschule\/wp-content\/blogs.dir\/2\/files\/2020\/12\/\u00e4ltere-Sch\u00fcler-720x1080.jpg\" alt=\"\" class=\"wp-image-9435\" srcset=\"https:\/\/stuebi-hamburg.de\/stadtteilschule\/wp-content\/blogs.dir\/2\/files\/2020\/12\/\u00e4ltere-Sch\u00fcler-720x1080.jpg 720w, https:\/\/stuebi-hamburg.de\/stadtteilschule\/wp-content\/blogs.dir\/2\/files\/2020\/12\/\u00e4ltere-Sch\u00fcler-293x440.jpg 293w\" sizes=\"(max-width: 720px) 100vw, 720px\" \/><\/figure><div class=\"wp-block-media-text__content\">\n<div style=\"height:50px\" aria-hidden=\"true\" class=\"wp-block-spacer\"><\/div>\n\n\n\n<p style=\"color:#0c6292\" class=\"has-text-color\"><strong>Bei uns am St\u00fcbi<\/strong>&#8230;<\/p>\n\n\n\n<ul><li>wird jede\/r Sch\u00fcler\/in als Individuum gesehen und intensiv betreut.&nbsp;<\/li><li>steht neben dem erfolgreichen Schulabschluss auch die Perspektive eines jeden Einzelnen nach der Schule im Fokus. Egal ob Studium an der Universit\u00e4t oder Fachhochschule, duale Ausbildung oder Ausbildung (im h\u00f6heren Dienst) &#8211; Wir unterst\u00fctzen dich auf deinem ganz pers\u00f6nlichen Weg in deinen Wunschberuf.<\/li><li>wird Gemeinschaft und Teamgeist gro\u00df geschrieben. Jeder kann etwas Einzelnes gut &#8211; gemeinsam k\u00f6nnen wir alles.<\/li><\/ul>\n\n\n\n<div style=\"height:40px\" aria-hidden=\"true\" class=\"wp-block-spacer\"><\/div>\n<\/div><\/div>\n\n\n\n<div style=\"height:40px\" aria-hidden=\"true\" class=\"wp-block-spacer\"><\/div>\n\n\n\n<p>Seit dem Schuljahr 2014\/15 k\u00f6nnen Sch\u00fclerinnen und Sch\u00fcler an der Stadtteilschule St\u00fcbenhofer Weg die Vorstufe besuchen. Hier findet der Unterricht am bereits bekannten Schulstandort im Klassenverband statt. Die Sch\u00fclerinnen und Sch\u00fcler sichern hier ihre bereits erworbenen Basiskompetenzen aus der Mittelstufe und bauen diese weiter auf, um gut vorbereitet in die Studienstufe \u00fcbergehen zu k\u00f6nnen.<\/p>\n\n\n\n<hr class=\"wp-block-separator\" \/>\n\n\n\n<div style=\"height:20px\" aria-hidden=\"true\" class=\"wp-block-spacer\"><\/div>\n\n\n\n<h2>Voraussetzungen<\/h2>\n\n\n\n<p>In die Vorstufe k\u00f6nnen Sch\u00fclerinnen und Sch\u00fcler eintreten, die ihren mittleren Schulabschluss mit einer Durchschnittsnote von mindestens 3,0 erreicht haben. Au\u00dferdem ist eine Durchschnittsnote von mindestens 3,0 in den Hauptf\u00e4chern (Deutsch, Englisch, Mathematik) erforderlich.<br><\/p>\n\n\n\n<hr class=\"wp-block-separator\" \/>\n\n\n\n<div style=\"height:20px\" aria-hidden=\"true\" class=\"wp-block-spacer\"><\/div>\n\n\n\n<h2>Organisation<\/h2>\n\n\n\n<p>Der Unterricht in der Vorstufe findet \u00fcberwiegend im Klassenverband statt und setzt sich wie folgt zusammen:<\/p>\n\n\n\n<ul><li>Deutsch: 4 Wochenstunden<\/li><li>Mathematik: 4 Wochenstunden<\/li><li>Englisch: 4 Wochenstunden<\/li><li>PGW (Politik, Gesellschaft, Wirtschaft): 2 Wochenstunden<\/li><li>Sport: 2 Wochenstunden<\/li><li>Seminar (f\u00e4cher\u00fcbergreifende Aneignung von Arbeitstechniken): 2 Wochenstunden<\/li><li>Physik: 2 Wochenstunden<\/li><li>Biologie: 2 Wochenstunden<\/li><li>Chemie: 2 Wochenstunden<\/li><li>Informatik: 2 Wochenstunden<\/li><li>Geographie und Geschichte: je ein Halbjahr 2 Wochenstunden<\/li><li>Religion und Philosophie: je ein Halbjahr 2 Wochenstunden<\/li><li>Bildende Kunst und Darstellendes Spiel: je ein Halbjahr 2 Wochenstunden<\/li><\/ul>\n\n\n\n<p>Die zweite Fremdsprache muss belegt werden, wenn noch nicht 4 Jahre aufsteigender Unterricht in einer zweiten Fremdsprache besucht wurde. Aktuell werden als neu aufgenommene Fremdsprache Spanisch und Franz\u00f6sisch (je 4 Wochenstunden) angeboten. Als weitergef\u00fchrte Fremdsprache kann T\u00fcrkisch (3 Wochenstunden) besucht werden. Der Unterricht in der zweiten Fremdsprache findet in entsprechenden Kursen statt.<\/p>\n\n\n\n<hr class=\"wp-block-separator\" \/>\n\n\n\n<div style=\"height:20px\" aria-hidden=\"true\" class=\"wp-block-spacer\"><\/div>\n\n\n\n<div class=\"wp-block-media-text alignwide is-stacked-on-mobile\"><figure class=\"wp-block-media-text__media\"><img loading=\"lazy\" width=\"1620\" height=\"1080\" src=\"https:\/\/stuebi-hamburg.de\/stadtteilschule\/wp-content\/blogs.dir\/2\/files\/2020\/11\/7E9A9759-2-1620x1080.jpg\" alt=\"\" class=\"wp-image-8658 size-full\" srcset=\"https:\/\/stuebi-hamburg.de\/stadtteilschule\/wp-content\/blogs.dir\/2\/files\/2020\/11\/7E9A9759-2-1620x1080.jpg 1620w, https:\/\/stuebi-hamburg.de\/stadtteilschule\/wp-content\/blogs.dir\/2\/files\/2020\/11\/7E9A9759-2-658x440.jpg 658w\" sizes=\"(max-width: 1620px) 100vw, 1620px\" \/><\/figure><div class=\"wp-block-media-text__content\">\n<div style=\"height:10px\" aria-hidden=\"true\" class=\"wp-block-spacer\"><\/div>\n\n\n\n<p>Bitte nehmen Sie Kontakt zu uns auf:<br>&nbsp;<br>Telefonisch \u00fcber das Schulb\u00fcro: <br>040\/428 76 19 10<\/p>\n\n\n\n<p>Per Email an:<br><a href=\"mailto:anne.bollwinkel@stuebenhofer-weg.de\">reikya.behrendt@stuebenhofer-weg.de<\/a> <br><br>Ihre Reikya Behrendt<br>(Oberstufenkoordinatorin)<\/p>\n<\/div><\/div>\n\n\n\n<div style=\"height:20px\" aria-hidden=\"true\" class=\"wp-block-spacer\"><\/div>\n\n\n\n<hr class=\"wp-block-separator\" \/>\n\n\n\n<div style=\"height:10px\" aria-hidden=\"true\" class=\"wp-block-spacer\"><\/div>\n\n\n\n<div class=\"wp-block-group\"><div class=\"wp-block-group__inner-container\">\n<h2>Infomaterial<\/h2>\n\n\n\n<div style=\"height:10px\" aria-hidden=\"true\" class=\"wp-block-spacer\"><\/div>\n\n\n\n<div class=\"wp-block-columns\">\n<div class=\"wp-block-column\">\n<figure class=\"wp-block-image size-large is-style-default\"><img loading=\"lazy\" width=\"1527\" height=\"1080\" src=\"https:\/\/stuebi-hamburg.de\/stadtteilschule\/wp-content\/blogs.dir\/2\/files\/2021\/02\/Oberstufe_Flyer_Seite01-Kopie-1527x1080.png\" alt=\"\" class=\"wp-image-10074\" srcset=\"https:\/\/stuebi-hamburg.de\/stadtteilschule\/wp-content\/blogs.dir\/2\/files\/2021\/02\/Oberstufe_Flyer_Seite01-Kopie-1527x1080.png 1527w, https:\/\/stuebi-hamburg.de\/stadtteilschule\/wp-content\/blogs.dir\/2\/files\/2021\/02\/Oberstufe_Flyer_Seite01-Kopie-622x440.png 622w, https:\/\/stuebi-hamburg.de\/stadtteilschule\/wp-content\/blogs.dir\/2\/files\/2021\/02\/Oberstufe_Flyer_Seite01-Kopie-1536x1086.png 1536w, https:\/\/stuebi-hamburg.de\/stadtteilschule\/wp-content\/blogs.dir\/2\/files\/2021\/02\/Oberstufe_Flyer_Seite01-Kopie-2048x1448.png 2048w\" sizes=\"(max-width: 1527px) 100vw, 1527px\" \/><\/figure>\n<\/div>\n\n\n\n<div class=\"wp-block-column\">\n<figure class=\"wp-block-image size-large is-style-default\"><a href=\"https:\/\/stuebi-hamburg.de\/stadtteilschule\/wp-content\/blogs.dir\/2\/files\/2021\/02\/Oberstufe_Flyer.pdf\"><img loading=\"lazy\" width=\"1527\" height=\"1080\" src=\"https:\/\/stuebi-hamburg.de\/stadtteilschule\/wp-content\/blogs.dir\/2\/files\/2021\/02\/Oberstufe_Flyer_Seite02-Kopie-1527x1080.png\" alt=\"\" class=\"wp-image-10076\" srcset=\"https:\/\/stuebi-hamburg.de\/stadtteilschule\/wp-content\/blogs.dir\/2\/files\/2021\/02\/Oberstufe_Flyer_Seite02-Kopie-1527x1080.png 1527w, https:\/\/stuebi-hamburg.de\/stadtteilschule\/wp-content\/blogs.dir\/2\/files\/2021\/02\/Oberstufe_Flyer_Seite02-Kopie-622x440.png 622w, https:\/\/stuebi-hamburg.de\/stadtteilschule\/wp-content\/blogs.dir\/2\/files\/2021\/02\/Oberstufe_Flyer_Seite02-Kopie-1536x1086.png 1536w, https:\/\/stuebi-hamburg.de\/stadtteilschule\/wp-content\/blogs.dir\/2\/files\/2021\/02\/Oberstufe_Flyer_Seite02-Kopie-2048x1448.png 2048w\" sizes=\"(max-width: 1527px) 100vw, 1527px\" \/><\/a><\/figure>\n<\/div>\n<\/div>\n\n\n\n<div class=\"wp-block-columns\">\n<div class=\"wp-block-column\">\n<div class=\"wp-block-file\"><a href=\"https:\/\/stuebi-hamburg.de\/stadtteilschule\/wp-content\/blogs.dir\/2\/files\/2022\/01\/Flyer-Fairplay.pdf\">Flyer-Fairplay.pdf<\/a><\/div>\n\n\n\n<div class=\"wp-block-file\"><a href=\"https:\/\/stuebi-hamburg.de\/stadtteilschule\/wp-content\/blogs.dir\/2\/files\/2022\/01\/Flyer-Mein-Start-Up.pdf\">Flyer-Mein-Start-Up.pdf<\/a><\/div>\n<\/div>\n\n\n\n<div class=\"wp-block-column\"><\/div>\n<\/div>\n<\/div><\/div>\n\n\n\n<hr class=\"wp-block-separator\" \/>\n","protected":false},"excerpt":{"rendered":"<p>Seit dem Schuljahr 2014\/15 k\u00f6nnen Sch\u00fclerinnen und Sch\u00fcler an der Stadtteilschule St\u00fcbenhofer Weg die Vorstufe besuchen. Hier findet der Unterricht am bereits bekannten Schulstandort im Klassenverband statt. Die Sch\u00fclerinnen und Sch\u00fcler sichern hier ihre bereits erworbenen Basiskompetenzen aus der Mittelstufe &hellip; <a href=\"https:\/\/stuebi-hamburg.de\/stadtteilschule\/bildungswege\/oberstufe\/vorstufe-jg-11\/\">Weiterlesen <span class=\"meta-nav\">&rarr;<\/span><\/a><\/p>\n","protected":false},"author":10,"featured_media":0,"parent":4664,"menu_order":0,"comment_status":"closed","ping_status":"closed","template":"","meta":[],"_links":{"self":[{"href":"https:\/\/stuebi-hamburg.de\/stadtteilschule\/wp-json\/wp\/v2\/pages\/4678"}],"collection":[{"href":"https:\/\/stuebi-hamburg.de\/stadtteilschule\/wp-json\/wp\/v2\/pages"}],"about":[{"href":"https:\/\/stuebi-hamburg.de\/stadtteilschule\/wp-json\/wp\/v2\/types\/page"}],"author":[{"embeddable":true,"href":"https:\/\/stuebi-hamburg.de\/stadtteilschule\/wp-json\/wp\/v2\/users\/10"}],"replies":[{"embeddable":true,"href":"https:\/\/stuebi-hamburg.de\/stadtteilschule\/wp-json\/wp\/v2\/comments?post=4678"}],"version-history":[{"count":92,"href":"https:\/\/stuebi-hamburg.de\/stadtteilschule\/wp-json\/wp\/v2\/pages\/4678\/revisions"}],"predecessor-version":[{"id":15864,"href":"https:\/\/stuebi-hamburg.de\/stadtteilschule\/wp-json\/wp\/v2\/pages\/4678\/revisions\/15864"}],"up":[{"embeddable":true,"href":"https:\/\/stuebi-hamburg.de\/stadtteilschule\/wp-json\/wp\/v2\/pages\/4664"}],"wp:attachment":[{"href":"https:\/\/stuebi-hamburg.de\/stadtteilschule\/wp-json\/wp\/v2\/media?parent=4678"}],"curies":[{"name":"wp","href":"https:\/\/api.w.org\/{rel}","templated":true}]}}