{"id":47,"date":"2010-11-01T16:53:27","date_gmt":"2010-11-01T16:53:27","guid":{"rendered":"https:\/\/stuebi-hamburg.de\/stadtteilschule\/"},"modified":"2015-06-07T21:02:33","modified_gmt":"2015-06-07T21:02:33","slug":"schulkonferenz","status":"publish","type":"page","link":"https:\/\/stuebi-hamburg.de\/stadtteilschule\/kontakt\/gremien\/schulkonferenz\/","title":{"rendered":"Schulkonferenz"},"content":{"rendered":"<p>Die Schulkonferenz ist das oberste Beratungs- und Beschlussgremium der schulischen Selbstverwaltung der allgemeinbildenden Schulen. Sie f\u00f6rdert die Zusammenarbeit zwischen Sch\u00fclerinnen und Sch\u00fclern, Eltern, Lehrkr\u00e4ften, den sonstigen Mitarbeiterinnen und Mitarbeitern der Schule. (\u00a7 52 Hamburger Schulgesetz)<\/p>\n<p>Die Mitglieder der Schulkonfrenz werden zu ihren Tagungen fristgerecht eingeladen.<\/p>\n<p>Ein neuer Termin ist noch nicht ver\u00f6ffentlicht.<\/p>\n<p>Hier k\u00f6nnen Sie das <a href=\"https:\/\/stuebi-hamburg.de\/stadtteilschule\/files\/2010\/11\/schulgesetzdownload2.pdf\">Hamburger Schulgesetz<\/a> ansehen und downloaden.<\/p>\n","protected":false},"excerpt":{"rendered":"<p>Die Schulkonferenz ist das oberste Beratungs- und Beschlussgremium der schulischen Selbstverwaltung der allgemeinbildenden Schulen. Sie f\u00f6rdert die Zusammenarbeit zwischen Sch\u00fclerinnen und Sch\u00fclern, Eltern, Lehrkr\u00e4ften, den sonstigen Mitarbeiterinnen und Mitarbeitern der Schule. (\u00a7 52 Hamburger Schulgesetz) Die Mitglieder der Schulkonfrenz werden &hellip; <a href=\"https:\/\/stuebi-hamburg.de\/stadtteilschule\/kontakt\/gremien\/schulkonferenz\/\">Weiterlesen <span class=\"meta-nav\">&rarr;<\/span><\/a><\/p>\n","protected":false},"author":10,"featured_media":0,"parent":4647,"menu_order":0,"comment_status":"closed","ping_status":"open","template":"","meta":[],"_links":{"self":[{"href":"https:\/\/stuebi-hamburg.de\/stadtteilschule\/wp-json\/wp\/v2\/pages\/47"}],"collection":[{"href":"https:\/\/stuebi-hamburg.de\/stadtteilschule\/wp-json\/wp\/v2\/pages"}],"about":[{"href":"https:\/\/stuebi-hamburg.de\/stadtteilschule\/wp-json\/wp\/v2\/types\/page"}],"author":[{"embeddable":true,"href":"https:\/\/stuebi-hamburg.de\/stadtteilschule\/wp-json\/wp\/v2\/users\/10"}],"replies":[{"embeddable":true,"href":"https:\/\/stuebi-hamburg.de\/stadtteilschule\/wp-json\/wp\/v2\/comments?post=47"}],"version-history":[{"count":9,"href":"https:\/\/stuebi-hamburg.de\/stadtteilschule\/wp-json\/wp\/v2\/pages\/47\/revisions"}],"predecessor-version":[{"id":3630,"href":"https:\/\/stuebi-hamburg.de\/stadtteilschule\/wp-json\/wp\/v2\/pages\/47\/revisions\/3630"}],"up":[{"embeddable":true,"href":"https:\/\/stuebi-hamburg.de\/stadtteilschule\/wp-json\/wp\/v2\/pages\/4647"}],"wp:attachment":[{"href":"https:\/\/stuebi-hamburg.de\/stadtteilschule\/wp-json\/wp\/v2\/media?parent=47"}],"curies":[{"name":"wp","href":"https:\/\/api.w.org\/{rel}","templated":true}]}}