{"id":4717,"date":"2015-06-04T08:11:22","date_gmt":"2015-06-04T08:11:22","guid":{"rendered":"https:\/\/stuebi-hamburg.de\/stadtteilschule\/?page_id=4717"},"modified":"2018-05-08T14:39:02","modified_gmt":"2018-05-08T12:39:02","slug":"projekt-lernen","status":"publish","type":"page","link":"https:\/\/stuebi-hamburg.de\/stadtteilschule\/lernen\/foerdern-fordern\/projekt-lernen\/","title":{"rendered":"Projektlernen"},"content":{"rendered":"<h2>Unterrichtsfach Projekt<\/h2>\n<p>Haben Sie sich nicht schon immer gefragt, wer das Licht im K\u00fchlschrank immer an- und ausschaltet und warum immer einzelne Socken in der Waschmaschine verschwinden? In dem Fach Projekt haben Kinder wieder die M\u00f6glichkeit, ihre Welt selber zu entdecken. Die Fragen der Kinder kommen aus dem eigenen Alltag und der eigenen Lebenswelt. So soll die eigene Lebensumgebung dazu anregen, selbst Fragen zu stellen, L\u00f6sungswege zu suchen und auf diese Weise die Welt zu begreifen.<\/p>\n<p>Neben dem Unterrichtsfach erm\u00f6glichen wir das Lernen in gr\u00f6\u00dferen Sachzusammenh\u00e4ngen auch in schulischen Projektwochen.<\/p>\n<p><a href=\"https:\/\/stuebi-hamburg.de\/stadtteilschule\/schulleben\/aktivitaeten\/projektwochen\/\" target=\"_blank\" rel=\"noopener\">Weiterlesen \u2192<\/a><\/p>\n<p>&nbsp;<\/p>\n<h2>St\u00fcbi-Assistenten<\/h2>\n<p>In der Mittagsfreizeit h\u00f6ren Neugier und Erkundung der Welt selbstverst\u00e4ndlich nicht auf. Deshalb gibt es die \u201eSt\u00fcbi-Assistenten \u2013 Sch\u00fcler helfen Sch\u00fclern\u201c.<br \/>\nDie St\u00fcbi-Assistenten sind Mitsch\u00fcler und Mitsch\u00fclerinnen aus dem Jahrgang 8, die in ihrer Mittagsfreizeit freiwillig Angebote wie Tanzen, Basteln, Spieleverleih oder auch Turniere f\u00fcr j\u00fcngere Mitsch\u00fcler anbieten, damit diese eine spannende und lehrreiche Pause verbringen k\u00f6nnen und dabei Neues kennenlernen.<\/p>\n","protected":false},"excerpt":{"rendered":"<p>Unterrichtsfach Projekt Haben Sie sich nicht schon immer gefragt, wer das Licht im K\u00fchlschrank immer an- und ausschaltet und warum immer einzelne Socken in der Waschmaschine verschwinden? In dem Fach Projekt haben Kinder wieder die M\u00f6glichkeit, ihre Welt selber zu &hellip; <a href=\"https:\/\/stuebi-hamburg.de\/stadtteilschule\/lernen\/foerdern-fordern\/projekt-lernen\/\">Weiterlesen <span class=\"meta-nav\">&rarr;<\/span><\/a><\/p>\n","protected":false},"author":10,"featured_media":6940,"parent":6786,"menu_order":0,"comment_status":"closed","ping_status":"closed","template":"","meta":[],"_links":{"self":[{"href":"https:\/\/stuebi-hamburg.de\/stadtteilschule\/wp-json\/wp\/v2\/pages\/4717"}],"collection":[{"href":"https:\/\/stuebi-hamburg.de\/stadtteilschule\/wp-json\/wp\/v2\/pages"}],"about":[{"href":"https:\/\/stuebi-hamburg.de\/stadtteilschule\/wp-json\/wp\/v2\/types\/page"}],"author":[{"embeddable":true,"href":"https:\/\/stuebi-hamburg.de\/stadtteilschule\/wp-json\/wp\/v2\/users\/10"}],"replies":[{"embeddable":true,"href":"https:\/\/stuebi-hamburg.de\/stadtteilschule\/wp-json\/wp\/v2\/comments?post=4717"}],"version-history":[{"count":6,"href":"https:\/\/stuebi-hamburg.de\/stadtteilschule\/wp-json\/wp\/v2\/pages\/4717\/revisions"}],"predecessor-version":[{"id":7367,"href":"https:\/\/stuebi-hamburg.de\/stadtteilschule\/wp-json\/wp\/v2\/pages\/4717\/revisions\/7367"}],"up":[{"embeddable":true,"href":"https:\/\/stuebi-hamburg.de\/stadtteilschule\/wp-json\/wp\/v2\/pages\/6786"}],"wp:featuredmedia":[{"embeddable":true,"href":"https:\/\/stuebi-hamburg.de\/stadtteilschule\/wp-json\/wp\/v2\/media\/6940"}],"wp:attachment":[{"href":"https:\/\/stuebi-hamburg.de\/stadtteilschule\/wp-json\/wp\/v2\/media?parent=4717"}],"curies":[{"name":"wp","href":"https:\/\/api.w.org\/{rel}","templated":true}]}}