{"id":473,"date":"2011-04-04T15:06:58","date_gmt":"2011-04-04T15:06:58","guid":{"rendered":"https:\/\/stuebi-hamburg.de\/stadtteilschule\/?page_id=473"},"modified":"2021-06-02T11:36:17","modified_gmt":"2021-06-02T09:36:17","slug":"kazumi-naturkosmetik","status":"publish","type":"page","link":"https:\/\/stuebi-hamburg.de\/stadtteilschule\/lernen\/schuelerfirmen\/kazumi-naturkosmetik\/","title":{"rendered":"Kazumi"},"content":{"rendered":"\n<div style=\"height:20px\" aria-hidden=\"true\" class=\"wp-block-spacer\"><\/div>\n\n\n\n<h1>Wir sind die Sch\u00fclerfirma Kazumi und stellen Naturprodukte und Naturkosmetik her. Das Wort Kazumi kommt aus dem Japanischen und bedeutet Harmonie und Sch\u00f6nheit.<\/h1>\n\n\n\n<div style=\"height:20px\" aria-hidden=\"true\" class=\"wp-block-spacer\"><\/div>\n\n\n\n<div class=\"wp-block-columns\">\n<div class=\"wp-block-column\" style=\"flex-basis:20%\"><\/div>\n\n\n\n<div class=\"wp-block-column\">\n<figure class=\"wp-block-image size-large\"><img loading=\"lazy\" width=\"596\" height=\"842\" src=\"https:\/\/stuebi-hamburg.de\/stadtteilschule\/wp-content\/blogs.dir\/2\/files\/2021\/05\/Kazumi_Naturprodukte-01.jpg\" alt=\"\" class=\"wp-image-10995\" srcset=\"https:\/\/stuebi-hamburg.de\/stadtteilschule\/wp-content\/blogs.dir\/2\/files\/2021\/05\/Kazumi_Naturprodukte-01.jpg 596w, https:\/\/stuebi-hamburg.de\/stadtteilschule\/wp-content\/blogs.dir\/2\/files\/2021\/05\/Kazumi_Naturprodukte-01-311x440.jpg 311w\" sizes=\"(max-width: 596px) 100vw, 596px\" \/><\/figure>\n<\/div>\n\n\n\n<div class=\"wp-block-column\">\n<figure class=\"wp-block-image size-large\"><img loading=\"lazy\" width=\"596\" height=\"842\" src=\"https:\/\/stuebi-hamburg.de\/stadtteilschule\/wp-content\/blogs.dir\/2\/files\/2021\/05\/Kazumi_Naturkosmetik-01.jpg\" alt=\"\" class=\"wp-image-10996\" srcset=\"https:\/\/stuebi-hamburg.de\/stadtteilschule\/wp-content\/blogs.dir\/2\/files\/2021\/05\/Kazumi_Naturkosmetik-01.jpg 596w, https:\/\/stuebi-hamburg.de\/stadtteilschule\/wp-content\/blogs.dir\/2\/files\/2021\/05\/Kazumi_Naturkosmetik-01-311x440.jpg 311w\" sizes=\"(max-width: 596px) 100vw, 596px\" \/><\/figure>\n<\/div>\n\n\n\n<div class=\"wp-block-column\">\n<div style=\"height:80px\" aria-hidden=\"true\" class=\"wp-block-spacer\"><\/div>\n\n\n\n<p style=\"font-size:11px\">\u00a9 Logo Mansur Hornig, 10a<\/p>\n\n\n<\/div>\n<\/div>\n\n\n\n<div style=\"height:35px\" aria-hidden=\"true\" class=\"wp-block-spacer\"><\/div>\n\n\n\n<div class=\"wp-block-media-text alignwide is-stacked-on-mobile\" style=\"grid-template-columns:47% auto\"><figure class=\"wp-block-media-text__media\"><img loading=\"lazy\" width=\"1620\" height=\"1080\" src=\"https:\/\/stuebi-hamburg.de\/stadtteilschule\/wp-content\/blogs.dir\/2\/files\/2021\/06\/IMG_3160-1620x1080.jpg\" alt=\"\" class=\"wp-image-11215 size-full\" srcset=\"https:\/\/stuebi-hamburg.de\/stadtteilschule\/wp-content\/blogs.dir\/2\/files\/2021\/06\/IMG_3160-1620x1080.jpg 1620w, https:\/\/stuebi-hamburg.de\/stadtteilschule\/wp-content\/blogs.dir\/2\/files\/2021\/06\/IMG_3160-658x440.jpg 658w, https:\/\/stuebi-hamburg.de\/stadtteilschule\/wp-content\/blogs.dir\/2\/files\/2021\/06\/IMG_3160-1536x1024.jpg 1536w, https:\/\/stuebi-hamburg.de\/stadtteilschule\/wp-content\/blogs.dir\/2\/files\/2021\/06\/IMG_3160-2048x1365.jpg 2048w\" sizes=\"(max-width: 1620px) 100vw, 1620px\" \/><\/figure><div class=\"wp-block-media-text__content\">\n<p class=\"has-large-font-size\"><\/p>\n\n\n\n<p>Wir sind eine Sch\u00fclerfirma, die sich mit Naturkosmetik besch\u00e4ftigt. Wie in den Berufen Naturkosmetiker oder pharmazeutisch-technischer Assistent, stellen wir Produkte, wie zum Beispiel Desinfektionsmittel, Salben, Seife oder Badekugeln, her. Wir achten sehr auf gute Qualit\u00e4t und nat\u00fcrliche Stoffe.<\/p>\n<\/div><\/div>\n\n\n\n<div style=\"height:35px\" aria-hidden=\"true\" class=\"wp-block-spacer\"><\/div>\n\n\n\n<p>Die Sch\u00fclerfirma wurde 2020 ins Leben gerufen. Wir sind momentan 13 Sch\u00fcler und Sch\u00fclerinnen. Die Sch\u00fclerfirma steht unter der Leitung von Frau Yildizer und Herrn Mihaylov.<\/p>\n\n\n\n<div style=\"height:35px\" aria-hidden=\"true\" class=\"wp-block-spacer\"><\/div>\n\n\n\n<div class=\"wp-block-media-text alignwide has-media-on-the-right is-stacked-on-mobile\" style=\"grid-template-columns:auto 47%\"><figure class=\"wp-block-media-text__media\"><img loading=\"lazy\" width=\"1620\" height=\"1080\" src=\"https:\/\/stuebi-hamburg.de\/stadtteilschule\/wp-content\/blogs.dir\/2\/files\/2021\/06\/IMG_3156-1620x1080.jpg\" alt=\"\" class=\"wp-image-11218 size-full\" srcset=\"https:\/\/stuebi-hamburg.de\/stadtteilschule\/wp-content\/blogs.dir\/2\/files\/2021\/06\/IMG_3156-1620x1080.jpg 1620w, https:\/\/stuebi-hamburg.de\/stadtteilschule\/wp-content\/blogs.dir\/2\/files\/2021\/06\/IMG_3156-658x440.jpg 658w, https:\/\/stuebi-hamburg.de\/stadtteilschule\/wp-content\/blogs.dir\/2\/files\/2021\/06\/IMG_3156-1536x1024.jpg 1536w, https:\/\/stuebi-hamburg.de\/stadtteilschule\/wp-content\/blogs.dir\/2\/files\/2021\/06\/IMG_3156-2048x1365.jpg 2048w\" sizes=\"(max-width: 1620px) 100vw, 1620px\" \/><\/figure><div class=\"wp-block-media-text__content\">\n<p class=\"has-large-font-size\"><\/p>\n\n\n\n<p>Neben der Herstellung werden auch Kenntnisse, wie Produktentwicklung, Buch-haltung, Werbung, Kostenkalkulation und Verkaufsstrategie erworben. Wer sich bewerben m\u00f6chte, kann gerne vorbeikommen und sich vorstellen.<\/p>\n<\/div><\/div>\n\n\n\n<div style=\"height:35px\" aria-hidden=\"true\" class=\"wp-block-spacer\"><\/div>\n\n\n\n<p>Mit freundlichen Gr\u00fc\u00dfen<br>Euer Kazumi-Naturkosmetik-Team<\/p>\n","protected":false},"excerpt":{"rendered":"<p>Wir sind die Sch\u00fclerfirma Kazumi und stellen Naturprodukte und Naturkosmetik her. Das Wort Kazumi kommt aus dem Japanischen und bedeutet Harmonie und Sch\u00f6nheit. \u00a9 Logo Mansur Hornig, 10a Wir sind eine Sch\u00fclerfirma, die sich mit Naturkosmetik besch\u00e4ftigt. Wie in den &hellip; <a href=\"https:\/\/stuebi-hamburg.de\/stadtteilschule\/lernen\/schuelerfirmen\/kazumi-naturkosmetik\/\">Weiterlesen <span class=\"meta-nav\">&rarr;<\/span><\/a><\/p>\n","protected":false},"author":3,"featured_media":0,"parent":9408,"menu_order":0,"comment_status":"closed","ping_status":"open","template":"","meta":[],"_links":{"self":[{"href":"https:\/\/stuebi-hamburg.de\/stadtteilschule\/wp-json\/wp\/v2\/pages\/473"}],"collection":[{"href":"https:\/\/stuebi-hamburg.de\/stadtteilschule\/wp-json\/wp\/v2\/pages"}],"about":[{"href":"https:\/\/stuebi-hamburg.de\/stadtteilschule\/wp-json\/wp\/v2\/types\/page"}],"author":[{"embeddable":true,"href":"https:\/\/stuebi-hamburg.de\/stadtteilschule\/wp-json\/wp\/v2\/users\/3"}],"replies":[{"embeddable":true,"href":"https:\/\/stuebi-hamburg.de\/stadtteilschule\/wp-json\/wp\/v2\/comments?post=473"}],"version-history":[{"count":81,"href":"https:\/\/stuebi-hamburg.de\/stadtteilschule\/wp-json\/wp\/v2\/pages\/473\/revisions"}],"predecessor-version":[{"id":11222,"href":"https:\/\/stuebi-hamburg.de\/stadtteilschule\/wp-json\/wp\/v2\/pages\/473\/revisions\/11222"}],"up":[{"embeddable":true,"href":"https:\/\/stuebi-hamburg.de\/stadtteilschule\/wp-json\/wp\/v2\/pages\/9408"}],"wp:attachment":[{"href":"https:\/\/stuebi-hamburg.de\/stadtteilschule\/wp-json\/wp\/v2\/media?parent=473"}],"curies":[{"name":"wp","href":"https:\/\/api.w.org\/{rel}","templated":true}]}}