{"id":4853,"date":"2015-06-05T11:35:07","date_gmt":"2015-06-05T11:35:07","guid":{"rendered":"https:\/\/stuebi-hamburg.de\/stadtteilschule\/?page_id=4853"},"modified":"2016-11-28T17:53:26","modified_gmt":"2016-11-28T16:53:26","slug":"barista","status":"publish","type":"page","link":"https:\/\/stuebi-hamburg.de\/stadtteilschule\/lernen\/praxis-lernen\/barista\/","title":{"rendered":"Barista"},"content":{"rendered":"<p>Liebe Freunde des St\u00fcbi-Barista,<\/p>\n<p>ab Montag startet die Aktion \u201eKochprofis tun Gutes\u201c. Wir werden t\u00e4glich ein wechselndes Men\u00fc aus vielen Teilen Afrikas kochen. Der Erl\u00f6s wird zu 100% an footprints international gespendet, um zwei D\u00e4cher f\u00fcr ein Schulgeb\u00e4ude in Sambia zu bauen. Das Barista wird zudem ganzt\u00e4gig Snacks, Kaffeespezialit\u00e4ten, selbstgemachte Limonade und Smoothies anbieten. Wir freuen uns wenn Sie unsere Aktion unterst\u00fctzen, damit m\u00f6glichst viele Spenden zusammen kommen. Die Anmeldung f\u00fcr das Essen erfolgt entweder \u00fcber die Liste im Lehrerzimmer oder online unter: <a href=\"https:\/\/stuebi-barista.weebly.com\/\" target=\"_blank\">www.stuebi-barista.weebly.com<\/a>.<br \/>\nVielen Dank f\u00fcr Ihre Treue und bis bald.<\/p>\n<p>Ihr Barista Team<\/p>\n<p>Sch\u00fclerfirma St\u00fcbi Barista, in der Stadtteilschule St\u00fcbenhofer Weg 20a, <a href=\"mailto:barista@stuebenhofer-weg.de\">barista@stuebenhofer-weg.de<\/a>, <a href=\"mailto:barista@stuebi-barista.weebly.com\">barista@stuebi-barista.weebly.com<\/a><\/p>\n","protected":false},"excerpt":{"rendered":"<p>Liebe Freunde des St\u00fcbi-Barista, ab Montag startet die Aktion \u201eKochprofis tun Gutes\u201c. Wir werden t\u00e4glich ein wechselndes Men\u00fc aus vielen Teilen Afrikas kochen. Der Erl\u00f6s wird zu 100% an footprints international gespendet, um zwei D\u00e4cher f\u00fcr ein Schulgeb\u00e4ude in Sambia &hellip; <a href=\"https:\/\/stuebi-hamburg.de\/stadtteilschule\/lernen\/praxis-lernen\/barista\/\">Weiterlesen <span class=\"meta-nav\">&rarr;<\/span><\/a><\/p>\n","protected":false},"author":10,"featured_media":5025,"parent":4630,"menu_order":0,"comment_status":"closed","ping_status":"closed","template":"","meta":[],"_links":{"self":[{"href":"https:\/\/stuebi-hamburg.de\/stadtteilschule\/wp-json\/wp\/v2\/pages\/4853"}],"collection":[{"href":"https:\/\/stuebi-hamburg.de\/stadtteilschule\/wp-json\/wp\/v2\/pages"}],"about":[{"href":"https:\/\/stuebi-hamburg.de\/stadtteilschule\/wp-json\/wp\/v2\/types\/page"}],"author":[{"embeddable":true,"href":"https:\/\/stuebi-hamburg.de\/stadtteilschule\/wp-json\/wp\/v2\/users\/10"}],"replies":[{"embeddable":true,"href":"https:\/\/stuebi-hamburg.de\/stadtteilschule\/wp-json\/wp\/v2\/comments?post=4853"}],"version-history":[{"count":7,"href":"https:\/\/stuebi-hamburg.de\/stadtteilschule\/wp-json\/wp\/v2\/pages\/4853\/revisions"}],"predecessor-version":[{"id":6481,"href":"https:\/\/stuebi-hamburg.de\/stadtteilschule\/wp-json\/wp\/v2\/pages\/4853\/revisions\/6481"}],"up":[{"embeddable":true,"href":"https:\/\/stuebi-hamburg.de\/stadtteilschule\/wp-json\/wp\/v2\/pages\/4630"}],"wp:featuredmedia":[{"embeddable":true,"href":"https:\/\/stuebi-hamburg.de\/stadtteilschule\/wp-json\/wp\/v2\/media\/5025"}],"wp:attachment":[{"href":"https:\/\/stuebi-hamburg.de\/stadtteilschule\/wp-json\/wp\/v2\/media?parent=4853"}],"curies":[{"name":"wp","href":"https:\/\/api.w.org\/{rel}","templated":true}]}}