{"id":5021,"date":"2015-06-07T17:09:25","date_gmt":"2015-06-07T17:09:25","guid":{"rendered":"https:\/\/stuebi-hamburg.de\/stadtteilschule\/?page_id=5021"},"modified":"2015-06-07T20:53:21","modified_gmt":"2015-06-07T20:53:21","slug":"impressum","status":"publish","type":"page","link":"https:\/\/stuebi-hamburg.de\/stadtteilschule\/impressum\/","title":{"rendered":"Impressum"},"content":{"rendered":"<p>V.i.S.d.P. Bildungszentrum St\u00fcbenhofer Weg<br \/>\nSt\u00fcbenhofer Weg 20<br \/>\n21109 Hamburg<\/p>\n<h2>Haftungsausschluss<\/h2>\n<h2>1. Inhalt des Online-Angebots<\/h2>\n<p>Die AutorInnen \u00fcbernehmen keinerlei Gew\u00e4hr f\u00fcr die Aktualit\u00e4t, Korrektheit, Vollst\u00e4ndigkeit oder Qualit\u00e4t der bereitgestellten Informationen. Haftungsanspr\u00fcche gegen die AutorInnen, welche sich auf Sch\u00e4den materieller oder ideeller Art beziehen, die durch die Nutzung oder Nichtnutzung der dargebotenen Informationen bzw. durch die Nutzung fehlerhafter und unvollst\u00e4ndiger Informationen verursacht wurden sind grunds\u00e4tzlich ausgeschlossen, sofern seitens der AutorInnen kein nachweislich vors\u00e4tzliches oder grob fahrl\u00e4ssiges Verschulden vorliegt. Au\u00dferdem behalten sich die AutorInnen das Recht vor, \u00c4nderungen oder Erg\u00e4nzungen der bereitgestellten Informationen vorzunehmen.<\/p>\n<h2>2. Verlinkungen zu Seiten Dritter<\/h2>\n<p>F\u00fcr Internetseiten Dritter, auf welche durch Hyperlinks verwiesen wird, tragen die jeweiligen Anbieter die Verantwortung. Die AutorInnen sind nicht f\u00fcr den Inhalt solcher Seiten Dritter verantwortlich. Des weiteren k\u00f6nnen diese Webseiten von anderen Webseiten mittels Hyperlink angelinkt worden sein. Die AutorInnen \u00fcbernehmen keine Verantwortung f\u00fcr Darstellungen, Inhalte oder irgendeine Verbindung zu diesen Webseiten in Webseiten Dritter.<\/p>\n<h2>3. Copyright<\/h2>\n<p>Das Copyright f\u00fcr ver\u00f6ffentlichte, von den AutorInnen selbst erstellte Objekte bleibt allein bei den AutorInnen der Seiten. Eine Vervielf\u00e4ltigung oder Verwendung solcher Grafiken, Tondokumente, Videosequenzen und Texte in anderen elektronischen oder gedruckten Publikationen ist ohne ausdr\u00fcckliche Zustimmung der AutorInnen nicht gestattet.<\/p>\n<h2>4. Rechtswirksamkeit dieses Haftungsausschlusses<\/h2>\n<p>Dieser Haftungsausschluss ist als Teil des Internetangebotes zu betrachten, von dem aus auf diese Seite verwiesen wurde. Sofern Teile oder einzelne Formulierungen dieses Textes der geltenden Rechtslage nicht, nicht mehr oder nicht vollst\u00e4ndig entsprechen sollten, bleiben die \u00fcbrigen Teile des Dokumentes in ihrem Inhalt und ihrer G\u00fcltigkeit davon unber\u00fchrt.<\/p>\n","protected":false},"excerpt":{"rendered":"<p>V.i.S.d.P. Bildungszentrum St\u00fcbenhofer Weg St\u00fcbenhofer Weg 20 21109 Hamburg Haftungsausschluss 1. Inhalt des Online-Angebots Die AutorInnen \u00fcbernehmen keinerlei Gew\u00e4hr f\u00fcr die Aktualit\u00e4t, Korrektheit, Vollst\u00e4ndigkeit oder Qualit\u00e4t der bereitgestellten Informationen. Haftungsanspr\u00fcche gegen die AutorInnen, welche sich auf Sch\u00e4den materieller oder ideeller &hellip; <a href=\"https:\/\/stuebi-hamburg.de\/stadtteilschule\/impressum\/\">Weiterlesen <span class=\"meta-nav\">&rarr;<\/span><\/a><\/p>\n","protected":false},"author":10,"featured_media":0,"parent":0,"menu_order":0,"comment_status":"closed","ping_status":"closed","template":"","meta":[],"_links":{"self":[{"href":"https:\/\/stuebi-hamburg.de\/stadtteilschule\/wp-json\/wp\/v2\/pages\/5021"}],"collection":[{"href":"https:\/\/stuebi-hamburg.de\/stadtteilschule\/wp-json\/wp\/v2\/pages"}],"about":[{"href":"https:\/\/stuebi-hamburg.de\/stadtteilschule\/wp-json\/wp\/v2\/types\/page"}],"author":[{"embeddable":true,"href":"https:\/\/stuebi-hamburg.de\/stadtteilschule\/wp-json\/wp\/v2\/users\/10"}],"replies":[{"embeddable":true,"href":"https:\/\/stuebi-hamburg.de\/stadtteilschule\/wp-json\/wp\/v2\/comments?post=5021"}],"version-history":[{"count":3,"href":"https:\/\/stuebi-hamburg.de\/stadtteilschule\/wp-json\/wp\/v2\/pages\/5021\/revisions"}],"predecessor-version":[{"id":5024,"href":"https:\/\/stuebi-hamburg.de\/stadtteilschule\/wp-json\/wp\/v2\/pages\/5021\/revisions\/5024"}],"wp:attachment":[{"href":"https:\/\/stuebi-hamburg.de\/stadtteilschule\/wp-json\/wp\/v2\/media?parent=5021"}],"curies":[{"name":"wp","href":"https:\/\/api.w.org\/{rel}","templated":true}]}}