{"id":5356,"date":"2015-06-23T12:01:26","date_gmt":"2015-06-23T10:01:26","guid":{"rendered":"https:\/\/stuebi-hamburg.de\/stadtteilschule\/?page_id=5356"},"modified":"2019-03-26T20:55:56","modified_gmt":"2019-03-26T19:55:56","slug":"webmaster","status":"publish","type":"page","link":"https:\/\/stuebi-hamburg.de\/stadtteilschule\/kontakt\/verwaltung\/webmaster\/","title":{"rendered":"Webmaster"},"content":{"rendered":"<p>Wenn Sie bez\u00fcglich technischer Belange oder Fragen zu unserer Internetseite oder aus anderem Grund mit uns Kontakt aufnehmen m\u00f6chten, haben Sie hier die M\u00f6glichkeit dazu.<\/p>\n<p>Schicken Sie uns eine Nachricht, wenn Sie eine Verbesserungsidee haben oder Ihnen ein Fehler aufgefallen ist. Bitte beschreiben Sie Ihr Anliegen so detailliert wie m\u00f6glich. Im Fall von Darstellungs- oder Funktionsproblemen geben Sie bitte Ihren Browser an, mit dem die Probleme auftreten.<\/p>\n<p><a href=\"mailto:webmaster@stuebenhofer-weg.de\">webmaster@stuebenhofer-weg.de<\/a><\/p>\n<p>Vielen Dank, dass Sie sich die M\u00fche machen und mithelfen unsere Webseite zu verbessern.<\/p>\n","protected":false},"excerpt":{"rendered":"<p>Wenn Sie bez\u00fcglich technischer Belange oder Fragen zu unserer Internetseite oder aus anderem Grund mit uns Kontakt aufnehmen m\u00f6chten, haben Sie hier die M\u00f6glichkeit dazu. Schicken Sie uns eine Nachricht, wenn Sie eine Verbesserungsidee haben oder Ihnen ein Fehler aufgefallen &hellip; <a href=\"https:\/\/stuebi-hamburg.de\/stadtteilschule\/kontakt\/verwaltung\/webmaster\/\">Weiterlesen <span class=\"meta-nav\">&rarr;<\/span><\/a><\/p>\n","protected":false},"author":10,"featured_media":6330,"parent":4610,"menu_order":0,"comment_status":"closed","ping_status":"closed","template":"","meta":[],"_links":{"self":[{"href":"https:\/\/stuebi-hamburg.de\/stadtteilschule\/wp-json\/wp\/v2\/pages\/5356"}],"collection":[{"href":"https:\/\/stuebi-hamburg.de\/stadtteilschule\/wp-json\/wp\/v2\/pages"}],"about":[{"href":"https:\/\/stuebi-hamburg.de\/stadtteilschule\/wp-json\/wp\/v2\/types\/page"}],"author":[{"embeddable":true,"href":"https:\/\/stuebi-hamburg.de\/stadtteilschule\/wp-json\/wp\/v2\/users\/10"}],"replies":[{"embeddable":true,"href":"https:\/\/stuebi-hamburg.de\/stadtteilschule\/wp-json\/wp\/v2\/comments?post=5356"}],"version-history":[{"count":9,"href":"https:\/\/stuebi-hamburg.de\/stadtteilschule\/wp-json\/wp\/v2\/pages\/5356\/revisions"}],"predecessor-version":[{"id":7703,"href":"https:\/\/stuebi-hamburg.de\/stadtteilschule\/wp-json\/wp\/v2\/pages\/5356\/revisions\/7703"}],"up":[{"embeddable":true,"href":"https:\/\/stuebi-hamburg.de\/stadtteilschule\/wp-json\/wp\/v2\/pages\/4610"}],"wp:featuredmedia":[{"embeddable":true,"href":"https:\/\/stuebi-hamburg.de\/stadtteilschule\/wp-json\/wp\/v2\/media\/6330"}],"wp:attachment":[{"href":"https:\/\/stuebi-hamburg.de\/stadtteilschule\/wp-json\/wp\/v2\/media?parent=5356"}],"curies":[{"name":"wp","href":"https:\/\/api.w.org\/{rel}","templated":true}]}}